{"id":241913,"date":"2024-09-29T06:20:22","date_gmt":"2024-09-29T06:20:22","guid":{"rendered":"https:\/\/irankiuzona.lt\/product\/graztas-metalui-su-nutekintu-kotu-17-mm\/"},"modified":"2026-04-15T17:37:41","modified_gmt":"2026-04-15T17:37:41","slug":"graztas-metalui-su-nutekintu-kotu-17-mm","status":"publish","type":"product","link":"https:\/\/irankiuzona.lt\/ru\/product\/graztas-metalui-su-nutekintu-kotu-17-mm\/","title":{"rendered":"Gr\u0105\u017etas metalui su nutekintu kotu 17 mm"},"content":{"rendered":"<p>Gr\u0105\u017eto skersmuo 17 mm<br \/>\n1 vnt.<\/p>","protected":false},"excerpt":{"rendered":"<p>Metalo gr\u0105\u017etas\u00a0su nutekintu kotu 17 mm<\/p>","protected":false},"featured_media":241915,"comment_status":"open","ping_status":"open","template":"","meta":[],"product_cat":[10023],"product_tag":[9646],"class_list":{"0":"post-241913","1":"product","2":"type-product","3":"status-publish","4":"has-post-thumbnail","6":"product_brand-drel-lenkija","7":"product_cat-graztai-metalui-su-nutekintu-kotu","8":"product_tag-drel-lenkija","10":"first","11":"instock","12":"purchasable","13":"product-type-simple"},"jetpack_sharing_enabled":true,"_links":{"self":[{"href":"https:\/\/irankiuzona.lt\/ru\/wp-json\/wp\/v2\/product\/241913","targetHints":{"allow":["GET"]}}],"collection":[{"href":"https:\/\/irankiuzona.lt\/ru\/wp-json\/wp\/v2\/product"}],"about":[{"href":"https:\/\/irankiuzona.lt\/ru\/wp-json\/wp\/v2\/types\/product"}],"replies":[{"embeddable":true,"href":"https:\/\/irankiuzona.lt\/ru\/wp-json\/wp\/v2\/comments?post=241913"}],"version-history":[{"count":1,"href":"https:\/\/irankiuzona.lt\/ru\/wp-json\/wp\/v2\/product\/241913\/revisions"}],"predecessor-version":[{"id":415421,"href":"https:\/\/irankiuzona.lt\/ru\/wp-json\/wp\/v2\/product\/241913\/revisions\/415421"}],"wp:featuredmedia":[{"embeddable":true,"href":"https:\/\/irankiuzona.lt\/ru\/wp-json\/wp\/v2\/media\/241915"}],"wp:attachment":[{"href":"https:\/\/irankiuzona.lt\/ru\/wp-json\/wp\/v2\/media?parent=241913"}],"wp:term":[{"taxonomy":"product_cat","embeddable":true,"href":"https:\/\/irankiuzona.lt\/ru\/wp-json\/wp\/v2\/product_cat?post=241913"},{"taxonomy":"product_tag","embeddable":true,"href":"https:\/\/irankiuzona.lt\/ru\/wp-json\/wp\/v2\/product_tag?post=241913"}],"curies":[{"name":"wp","href":"https:\/\/api.w.org\/{rel}","templated":true}]}}