{"id":241969,"date":"2024-09-29T06:20:27","date_gmt":"2024-09-29T06:20:27","guid":{"rendered":"https:\/\/irankiuzona.lt\/product\/deimantine-grezimo-karuna-20-mm\/"},"modified":"2026-04-06T15:44:48","modified_gmt":"2026-04-06T15:44:48","slug":"deimantine-grezimo-karuna-20-mm","status":"publish","type":"product","link":"https:\/\/irankiuzona.lt\/ru\/product\/deimantine-grezimo-karuna-20-mm\/","title":{"rendered":"Deimantin\u0117 gr\u0119\u017eimo kar\u016bna 20 mm"},"content":{"rendered":"<p>Kar\u016bnos diametras 20 mm<\/p>","protected":false},"excerpt":{"rendered":"<p>Deimantin\u0117 gr\u0119\u017eimo kar\u016bna 20 mm<\/p>","protected":false},"featured_media":241971,"comment_status":"open","ping_status":"open","template":"","meta":[],"product_cat":[9675],"product_tag":[9646],"class_list":{"0":"post-241969","1":"product","2":"type-product","3":"status-publish","4":"has-post-thumbnail","6":"product_brand-drel-lenkija","7":"product_cat-deimantines-grezimo-karunos","8":"product_tag-drel-lenkija","10":"first","11":"instock","12":"purchasable","13":"product-type-simple"},"jetpack_sharing_enabled":true,"_links":{"self":[{"href":"https:\/\/irankiuzona.lt\/ru\/wp-json\/wp\/v2\/product\/241969","targetHints":{"allow":["GET"]}}],"collection":[{"href":"https:\/\/irankiuzona.lt\/ru\/wp-json\/wp\/v2\/product"}],"about":[{"href":"https:\/\/irankiuzona.lt\/ru\/wp-json\/wp\/v2\/types\/product"}],"replies":[{"embeddable":true,"href":"https:\/\/irankiuzona.lt\/ru\/wp-json\/wp\/v2\/comments?post=241969"}],"version-history":[{"count":0,"href":"https:\/\/irankiuzona.lt\/ru\/wp-json\/wp\/v2\/product\/241969\/revisions"}],"wp:featuredmedia":[{"embeddable":true,"href":"https:\/\/irankiuzona.lt\/ru\/wp-json\/wp\/v2\/media\/241971"}],"wp:attachment":[{"href":"https:\/\/irankiuzona.lt\/ru\/wp-json\/wp\/v2\/media?parent=241969"}],"wp:term":[{"taxonomy":"product_cat","embeddable":true,"href":"https:\/\/irankiuzona.lt\/ru\/wp-json\/wp\/v2\/product_cat?post=241969"},{"taxonomy":"product_tag","embeddable":true,"href":"https:\/\/irankiuzona.lt\/ru\/wp-json\/wp\/v2\/product_tag?post=241969"}],"curies":[{"name":"wp","href":"https:\/\/api.w.org\/{rel}","templated":true}]}}