{"id":242055,"date":"2024-09-29T06:20:35","date_gmt":"2024-09-29T06:20:35","guid":{"rendered":"https:\/\/irankiuzona.lt\/product\/graztas-betonui-o6mm-150-mm\/"},"modified":"2026-04-13T11:23:37","modified_gmt":"2026-04-13T11:23:37","slug":"graztas-betonui-o6mm-150-mm","status":"publish","type":"product","link":"https:\/\/irankiuzona.lt\/ru\/product\/graztas-betonui-o6mm-150-mm\/","title":{"rendered":"Gr\u0105\u017etas betonui \u00d86mm \/ 150 mm"},"content":{"rendered":"<p>Diametras: 6 mm Bendras ilgis: 150 mm Tvirtinimas: apvalus, tinka paprastam gr\u0119\u017etuvui<\/p>","protected":false},"excerpt":{"rendered":"<p>Gr\u0105\u017etas betonui gr\u016bdintas \u00d86,0mm \/ 150 mm ilgio<\/p>","protected":false},"featured_media":242057,"comment_status":"open","ping_status":"open","template":"","meta":[],"product_cat":[9638],"product_tag":[9716],"class_list":{"0":"post-242055","1":"product","2":"type-product","3":"status-publish","4":"has-post-thumbnail","6":"product_brand-jufisto-lenkija","7":"product_cat-graztai-betonui-cilindriniu-tvirtinimu","8":"product_tag-jufisto-lenkija","10":"first","11":"outofstock","12":"purchasable","13":"product-type-simple"},"jetpack_sharing_enabled":true,"_links":{"self":[{"href":"https:\/\/irankiuzona.lt\/ru\/wp-json\/wp\/v2\/product\/242055","targetHints":{"allow":["GET"]}}],"collection":[{"href":"https:\/\/irankiuzona.lt\/ru\/wp-json\/wp\/v2\/product"}],"about":[{"href":"https:\/\/irankiuzona.lt\/ru\/wp-json\/wp\/v2\/types\/product"}],"replies":[{"embeddable":true,"href":"https:\/\/irankiuzona.lt\/ru\/wp-json\/wp\/v2\/comments?post=242055"}],"version-history":[{"count":1,"href":"https:\/\/irankiuzona.lt\/ru\/wp-json\/wp\/v2\/product\/242055\/revisions"}],"predecessor-version":[{"id":415470,"href":"https:\/\/irankiuzona.lt\/ru\/wp-json\/wp\/v2\/product\/242055\/revisions\/415470"}],"wp:featuredmedia":[{"embeddable":true,"href":"https:\/\/irankiuzona.lt\/ru\/wp-json\/wp\/v2\/media\/242057"}],"wp:attachment":[{"href":"https:\/\/irankiuzona.lt\/ru\/wp-json\/wp\/v2\/media?parent=242055"}],"wp:term":[{"taxonomy":"product_cat","embeddable":true,"href":"https:\/\/irankiuzona.lt\/ru\/wp-json\/wp\/v2\/product_cat?post=242055"},{"taxonomy":"product_tag","embeddable":true,"href":"https:\/\/irankiuzona.lt\/ru\/wp-json\/wp\/v2\/product_tag?post=242055"}],"curies":[{"name":"wp","href":"https:\/\/api.w.org\/{rel}","templated":true}]}}