{"id":242076,"date":"2024-09-29T06:20:38","date_gmt":"2024-09-29T06:20:38","guid":{"rendered":"https:\/\/irankiuzona.lt\/product\/graztas-granitui-o4mm-75-mm\/"},"modified":"2025-04-01T02:20:54","modified_gmt":"2025-04-01T02:20:54","slug":"graztas-granitui-o4mm-75-mm","status":"publish","type":"product","link":"https:\/\/irankiuzona.lt\/ru\/product\/graztas-granitui-o4mm-75-mm\/","title":{"rendered":"Gr\u0105\u017etas granitui \u00d84mm \/ 75 mm"},"content":{"rendered":"<p>Diametras &#8211; 4 mmIlgis &#8211; 75 mm Darbinis ilgis &#8211; 40 mm<\/p>","protected":false},"excerpt":{"rendered":"<p>Gr\u0105\u017etas granitui \u00d84mm \/ 75 mm ilgio<\/p>","protected":false},"featured_media":242078,"comment_status":"open","ping_status":"open","template":"","meta":[],"product_cat":[10025],"product_tag":[9716],"class_list":{"0":"post-242076","1":"product","2":"type-product","3":"status-publish","4":"has-post-thumbnail","6":"product_brand-jufisto-lenkija","7":"product_cat-graztai-granitui","8":"product_tag-jufisto-lenkija","10":"first","11":"instock","12":"purchasable","13":"product-type-simple"},"jetpack_sharing_enabled":true,"_links":{"self":[{"href":"https:\/\/irankiuzona.lt\/ru\/wp-json\/wp\/v2\/product\/242076","targetHints":{"allow":["GET"]}}],"collection":[{"href":"https:\/\/irankiuzona.lt\/ru\/wp-json\/wp\/v2\/product"}],"about":[{"href":"https:\/\/irankiuzona.lt\/ru\/wp-json\/wp\/v2\/types\/product"}],"replies":[{"embeddable":true,"href":"https:\/\/irankiuzona.lt\/ru\/wp-json\/wp\/v2\/comments?post=242076"}],"version-history":[{"count":0,"href":"https:\/\/irankiuzona.lt\/ru\/wp-json\/wp\/v2\/product\/242076\/revisions"}],"wp:featuredmedia":[{"embeddable":true,"href":"https:\/\/irankiuzona.lt\/ru\/wp-json\/wp\/v2\/media\/242078"}],"wp:attachment":[{"href":"https:\/\/irankiuzona.lt\/ru\/wp-json\/wp\/v2\/media?parent=242076"}],"wp:term":[{"taxonomy":"product_cat","embeddable":true,"href":"https:\/\/irankiuzona.lt\/ru\/wp-json\/wp\/v2\/product_cat?post=242076"},{"taxonomy":"product_tag","embeddable":true,"href":"https:\/\/irankiuzona.lt\/ru\/wp-json\/wp\/v2\/product_tag?post=242076"}],"curies":[{"name":"wp","href":"https:\/\/api.w.org\/{rel}","templated":true}]}}