{"id":242091,"date":"2024-09-29T06:20:39","date_gmt":"2024-09-29T06:20:39","guid":{"rendered":"https:\/\/irankiuzona.lt\/product\/graztas-granitui-o12mm-150-mm\/"},"modified":"2026-04-13T11:23:39","modified_gmt":"2026-04-13T11:23:39","slug":"graztas-granitui-o12mm-150-mm","status":"publish","type":"product","link":"https:\/\/irankiuzona.lt\/ru\/product\/graztas-granitui-o12mm-150-mm\/","title":{"rendered":"Gr\u0105\u017etas granitui \u00d812mm \/ 150 mm"},"content":{"rendered":"<p>Diametras &#8211; 12 mmIlgis &#8211; 150 mm Darbinis ilgis &#8211; 92 mm<\/p>","protected":false},"excerpt":{"rendered":"<p>Gr\u0105\u017etas granitui \u00d812mm \/ 150 mm ilgio<\/p>","protected":false},"featured_media":242093,"comment_status":"open","ping_status":"open","template":"","meta":[],"product_cat":[10025],"product_tag":[9716],"class_list":{"0":"post-242091","1":"product","2":"type-product","3":"status-publish","4":"has-post-thumbnail","6":"product_brand-jufisto-lenkija","7":"product_cat-graztai-granitui","8":"product_tag-jufisto-lenkija","10":"first","11":"outofstock","12":"purchasable","13":"product-type-simple"},"jetpack_sharing_enabled":true,"_links":{"self":[{"href":"https:\/\/irankiuzona.lt\/ru\/wp-json\/wp\/v2\/product\/242091","targetHints":{"allow":["GET"]}}],"collection":[{"href":"https:\/\/irankiuzona.lt\/ru\/wp-json\/wp\/v2\/product"}],"about":[{"href":"https:\/\/irankiuzona.lt\/ru\/wp-json\/wp\/v2\/types\/product"}],"replies":[{"embeddable":true,"href":"https:\/\/irankiuzona.lt\/ru\/wp-json\/wp\/v2\/comments?post=242091"}],"version-history":[{"count":1,"href":"https:\/\/irankiuzona.lt\/ru\/wp-json\/wp\/v2\/product\/242091\/revisions"}],"predecessor-version":[{"id":415482,"href":"https:\/\/irankiuzona.lt\/ru\/wp-json\/wp\/v2\/product\/242091\/revisions\/415482"}],"wp:featuredmedia":[{"embeddable":true,"href":"https:\/\/irankiuzona.lt\/ru\/wp-json\/wp\/v2\/media\/242093"}],"wp:attachment":[{"href":"https:\/\/irankiuzona.lt\/ru\/wp-json\/wp\/v2\/media?parent=242091"}],"wp:term":[{"taxonomy":"product_cat","embeddable":true,"href":"https:\/\/irankiuzona.lt\/ru\/wp-json\/wp\/v2\/product_cat?post=242091"},{"taxonomy":"product_tag","embeddable":true,"href":"https:\/\/irankiuzona.lt\/ru\/wp-json\/wp\/v2\/product_tag?post=242091"}],"curies":[{"name":"wp","href":"https:\/\/api.w.org\/{rel}","templated":true}]}}