{"id":242173,"date":"2024-09-29T06:20:47","date_gmt":"2024-09-29T06:20:47","guid":{"rendered":"https:\/\/irankiuzona.lt\/product\/graztas-o3mm-metalui-su-kietmetaliu\/"},"modified":"2026-04-13T11:23:45","modified_gmt":"2026-04-13T11:23:45","slug":"graztas-o3mm-metalui-su-kietmetaliu","status":"publish","type":"product","link":"https:\/\/irankiuzona.lt\/ru\/product\/graztas-o3mm-metalui-su-kietmetaliu\/","title":{"rendered":"Gr\u0105\u017etas \u00d83mm metalui su kietmetaliu"},"content":{"rendered":"<p>Gr\u0105\u017eto diametras &#8211; 3mmIlgis &#8211; 60 mmDarbinis ilgis &#8211; 30 mm<\/p>","protected":false},"excerpt":{"rendered":"<p>Gr\u0105\u017etas metalui su kietmetaliu \u00d83 mm<\/p>","protected":false},"featured_media":242175,"comment_status":"open","ping_status":"open","template":"","meta":[],"product_cat":[9840],"product_tag":[9716],"class_list":{"0":"post-242173","1":"product","2":"type-product","3":"status-publish","4":"has-post-thumbnail","6":"product_brand-jufisto-lenkija","7":"product_cat-graztai-metalui-su-kietmetaliu","8":"product_tag-jufisto-lenkija","10":"first","11":"outofstock","12":"purchasable","13":"product-type-simple"},"jetpack_sharing_enabled":true,"_links":{"self":[{"href":"https:\/\/irankiuzona.lt\/ru\/wp-json\/wp\/v2\/product\/242173","targetHints":{"allow":["GET"]}}],"collection":[{"href":"https:\/\/irankiuzona.lt\/ru\/wp-json\/wp\/v2\/product"}],"about":[{"href":"https:\/\/irankiuzona.lt\/ru\/wp-json\/wp\/v2\/types\/product"}],"replies":[{"embeddable":true,"href":"https:\/\/irankiuzona.lt\/ru\/wp-json\/wp\/v2\/comments?post=242173"}],"version-history":[{"count":1,"href":"https:\/\/irankiuzona.lt\/ru\/wp-json\/wp\/v2\/product\/242173\/revisions"}],"predecessor-version":[{"id":415510,"href":"https:\/\/irankiuzona.lt\/ru\/wp-json\/wp\/v2\/product\/242173\/revisions\/415510"}],"wp:featuredmedia":[{"embeddable":true,"href":"https:\/\/irankiuzona.lt\/ru\/wp-json\/wp\/v2\/media\/242175"}],"wp:attachment":[{"href":"https:\/\/irankiuzona.lt\/ru\/wp-json\/wp\/v2\/media?parent=242173"}],"wp:term":[{"taxonomy":"product_cat","embeddable":true,"href":"https:\/\/irankiuzona.lt\/ru\/wp-json\/wp\/v2\/product_cat?post=242173"},{"taxonomy":"product_tag","embeddable":true,"href":"https:\/\/irankiuzona.lt\/ru\/wp-json\/wp\/v2\/product_tag?post=242173"}],"curies":[{"name":"wp","href":"https:\/\/api.w.org\/{rel}","templated":true}]}}