{"id":242176,"date":"2024-09-29T06:20:47","date_gmt":"2024-09-29T06:20:47","guid":{"rendered":"https:\/\/irankiuzona.lt\/product\/graztas-o35mm-metalui-su-kietmetaliu\/"},"modified":"2026-04-14T10:35:47","modified_gmt":"2026-04-14T10:35:47","slug":"graztas-o35mm-metalui-su-kietmetaliu","status":"publish","type":"product","link":"https:\/\/irankiuzona.lt\/ru\/product\/graztas-o35mm-metalui-su-kietmetaliu\/","title":{"rendered":"Gr\u0105\u017etas \u00d83,5mm metalui su kietmetaliu"},"content":{"rendered":"<p>Gr\u0105\u017eto diametras &#8211; 3,5 mmIlgis &#8211; 60 mmDarbinis ilgis &#8211; 30 mm<\/p>","protected":false},"excerpt":{"rendered":"<p>Gr\u0105\u017etas metalui su kietmetaliu \u00d83,5 mm<\/p>","protected":false},"featured_media":242178,"comment_status":"open","ping_status":"open","template":"","meta":[],"product_cat":[9840],"product_tag":[9716],"class_list":{"0":"post-242176","1":"product","2":"type-product","3":"status-publish","4":"has-post-thumbnail","6":"product_brand-jufisto-lenkija","7":"product_cat-graztai-metalui-su-kietmetaliu","8":"product_tag-jufisto-lenkija","10":"first","11":"outofstock","12":"purchasable","13":"product-type-simple"},"jetpack_sharing_enabled":true,"_links":{"self":[{"href":"https:\/\/irankiuzona.lt\/ru\/wp-json\/wp\/v2\/product\/242176","targetHints":{"allow":["GET"]}}],"collection":[{"href":"https:\/\/irankiuzona.lt\/ru\/wp-json\/wp\/v2\/product"}],"about":[{"href":"https:\/\/irankiuzona.lt\/ru\/wp-json\/wp\/v2\/types\/product"}],"replies":[{"embeddable":true,"href":"https:\/\/irankiuzona.lt\/ru\/wp-json\/wp\/v2\/comments?post=242176"}],"version-history":[{"count":1,"href":"https:\/\/irankiuzona.lt\/ru\/wp-json\/wp\/v2\/product\/242176\/revisions"}],"predecessor-version":[{"id":415511,"href":"https:\/\/irankiuzona.lt\/ru\/wp-json\/wp\/v2\/product\/242176\/revisions\/415511"}],"wp:featuredmedia":[{"embeddable":true,"href":"https:\/\/irankiuzona.lt\/ru\/wp-json\/wp\/v2\/media\/242178"}],"wp:attachment":[{"href":"https:\/\/irankiuzona.lt\/ru\/wp-json\/wp\/v2\/media?parent=242176"}],"wp:term":[{"taxonomy":"product_cat","embeddable":true,"href":"https:\/\/irankiuzona.lt\/ru\/wp-json\/wp\/v2\/product_cat?post=242176"},{"taxonomy":"product_tag","embeddable":true,"href":"https:\/\/irankiuzona.lt\/ru\/wp-json\/wp\/v2\/product_tag?post=242176"}],"curies":[{"name":"wp","href":"https:\/\/api.w.org\/{rel}","templated":true}]}}