{"id":242230,"date":"2024-09-29T06:20:52","date_gmt":"2024-09-29T06:20:52","guid":{"rendered":"https:\/\/irankiuzona.lt\/product\/graztu-komplektas-komfirmatams-5\/"},"modified":"2026-05-15T03:55:40","modified_gmt":"2026-05-15T03:55:40","slug":"graztu-komplektas-komfirmatams-5","status":"publish","type":"product","link":"https:\/\/irankiuzona.lt\/ru\/product\/graztu-komplektas-komfirmatams-5\/","title":{"rendered":"Gr\u0105\u017et\u0173 komplektas komfirmatams 5*"},"content":{"rendered":"<p>Diametras: 6, 8, 10, 12, 14 mm<\/p>","protected":false},"excerpt":{"rendered":"<p>Gr\u0105\u017et\u0173 komplektas\u00a0komformatams 5*<\/p>","protected":false},"featured_media":242232,"comment_status":"open","ping_status":"open","template":"","meta":[],"product_cat":[9625],"product_tag":[9646],"class_list":{"0":"post-242230","1":"product","2":"type-product","3":"status-publish","4":"has-post-thumbnail","6":"product_brand-drel-lenkija","7":"product_cat-graztu-medziui-komplektai","8":"product_tag-drel-lenkija","10":"first","11":"instock","12":"purchasable","13":"product-type-simple"},"jetpack_sharing_enabled":true,"_links":{"self":[{"href":"https:\/\/irankiuzona.lt\/ru\/wp-json\/wp\/v2\/product\/242230","targetHints":{"allow":["GET"]}}],"collection":[{"href":"https:\/\/irankiuzona.lt\/ru\/wp-json\/wp\/v2\/product"}],"about":[{"href":"https:\/\/irankiuzona.lt\/ru\/wp-json\/wp\/v2\/types\/product"}],"replies":[{"embeddable":true,"href":"https:\/\/irankiuzona.lt\/ru\/wp-json\/wp\/v2\/comments?post=242230"}],"version-history":[{"count":1,"href":"https:\/\/irankiuzona.lt\/ru\/wp-json\/wp\/v2\/product\/242230\/revisions"}],"predecessor-version":[{"id":415529,"href":"https:\/\/irankiuzona.lt\/ru\/wp-json\/wp\/v2\/product\/242230\/revisions\/415529"}],"wp:featuredmedia":[{"embeddable":true,"href":"https:\/\/irankiuzona.lt\/ru\/wp-json\/wp\/v2\/media\/242232"}],"wp:attachment":[{"href":"https:\/\/irankiuzona.lt\/ru\/wp-json\/wp\/v2\/media?parent=242230"}],"wp:term":[{"taxonomy":"product_cat","embeddable":true,"href":"https:\/\/irankiuzona.lt\/ru\/wp-json\/wp\/v2\/product_cat?post=242230"},{"taxonomy":"product_tag","embeddable":true,"href":"https:\/\/irankiuzona.lt\/ru\/wp-json\/wp\/v2\/product_tag?post=242230"}],"curies":[{"name":"wp","href":"https:\/\/api.w.org\/{rel}","templated":true}]}}