{"id":242379,"date":"2024-09-29T06:30:07","date_gmt":"2024-09-29T06:30:07","guid":{"rendered":"https:\/\/irankiuzona.lt\/product\/elektrinis-smuginis-verzliasukis-325-nm-800w\/"},"modified":"2026-03-02T06:15:49","modified_gmt":"2026-03-02T06:15:49","slug":"elektrinis-smuginis-verzliasukis-325-nm-800w","status":"publish","type":"product","link":"https:\/\/irankiuzona.lt\/ru\/product\/elektrinis-smuginis-verzliasukis-325-nm-800w\/","title":{"rendered":"Elektrinis sm\u016bginis ver\u017eliasukis 325 Nm 800W"},"content":{"rendered":"","protected":false},"excerpt":{"rendered":"<p>Elektrinis sm\u016bginis ver\u017eliasukis 325 Nm 800W<\/p>","protected":false},"featured_media":242381,"comment_status":"open","ping_status":"open","template":"","meta":[],"product_cat":[9868],"product_tag":[9435],"class_list":{"0":"post-242379","1":"product","2":"type-product","3":"status-publish","4":"has-post-thumbnail","6":"product_brand-kinija","7":"product_cat-elektriniai-verzliasukiai","8":"product_tag-kinija","10":"first","11":"outofstock","12":"purchasable","13":"product-type-simple"},"jetpack_sharing_enabled":true,"_links":{"self":[{"href":"https:\/\/irankiuzona.lt\/ru\/wp-json\/wp\/v2\/product\/242379","targetHints":{"allow":["GET"]}}],"collection":[{"href":"https:\/\/irankiuzona.lt\/ru\/wp-json\/wp\/v2\/product"}],"about":[{"href":"https:\/\/irankiuzona.lt\/ru\/wp-json\/wp\/v2\/types\/product"}],"replies":[{"embeddable":true,"href":"https:\/\/irankiuzona.lt\/ru\/wp-json\/wp\/v2\/comments?post=242379"}],"version-history":[{"count":1,"href":"https:\/\/irankiuzona.lt\/ru\/wp-json\/wp\/v2\/product\/242379\/revisions"}],"predecessor-version":[{"id":415576,"href":"https:\/\/irankiuzona.lt\/ru\/wp-json\/wp\/v2\/product\/242379\/revisions\/415576"}],"wp:featuredmedia":[{"embeddable":true,"href":"https:\/\/irankiuzona.lt\/ru\/wp-json\/wp\/v2\/media\/242381"}],"wp:attachment":[{"href":"https:\/\/irankiuzona.lt\/ru\/wp-json\/wp\/v2\/media?parent=242379"}],"wp:term":[{"taxonomy":"product_cat","embeddable":true,"href":"https:\/\/irankiuzona.lt\/ru\/wp-json\/wp\/v2\/product_cat?post=242379"},{"taxonomy":"product_tag","embeddable":true,"href":"https:\/\/irankiuzona.lt\/ru\/wp-json\/wp\/v2\/product_tag?post=242379"}],"curies":[{"name":"wp","href":"https:\/\/api.w.org\/{rel}","templated":true}]}}