{"id":242394,"date":"2024-09-29T06:30:09","date_gmt":"2024-09-29T06:30:09","guid":{"rendered":"https:\/\/irankiuzona.lt\/product\/peiliukas-automatinis\/"},"modified":"2026-05-14T03:48:25","modified_gmt":"2026-05-14T03:48:25","slug":"peiliukas-automatinis","status":"publish","type":"product","link":"https:\/\/irankiuzona.lt\/ru\/product\/peiliukas-automatinis\/","title":{"rendered":"Peiliukas automatinis"},"content":{"rendered":"<p>&#8211; Saugus automatinio \u012ftraukimo mechanizmas- Skyrelis atsargini\u0173 peili\u0173 rankenoje- 5 peiliukai<\/p>","protected":false},"excerpt":{"rendered":"<p>Peiliukas automatinis<\/p>","protected":false},"featured_media":242396,"comment_status":"open","ping_status":"open","template":"","meta":[],"product_cat":[9736],"product_tag":[9845],"class_list":{"0":"post-242394","1":"product","2":"type-product","3":"status-publish","4":"has-post-thumbnail","6":"product_brand-vokietija-germany","7":"product_cat-peiliukai-tapetams-geleztes-peiliai","8":"product_tag-vokietija-germany","10":"first","11":"outofstock","12":"purchasable","13":"product-type-simple"},"jetpack_sharing_enabled":true,"_links":{"self":[{"href":"https:\/\/irankiuzona.lt\/ru\/wp-json\/wp\/v2\/product\/242394","targetHints":{"allow":["GET"]}}],"collection":[{"href":"https:\/\/irankiuzona.lt\/ru\/wp-json\/wp\/v2\/product"}],"about":[{"href":"https:\/\/irankiuzona.lt\/ru\/wp-json\/wp\/v2\/types\/product"}],"replies":[{"embeddable":true,"href":"https:\/\/irankiuzona.lt\/ru\/wp-json\/wp\/v2\/comments?post=242394"}],"version-history":[{"count":1,"href":"https:\/\/irankiuzona.lt\/ru\/wp-json\/wp\/v2\/product\/242394\/revisions"}],"predecessor-version":[{"id":415581,"href":"https:\/\/irankiuzona.lt\/ru\/wp-json\/wp\/v2\/product\/242394\/revisions\/415581"}],"wp:featuredmedia":[{"embeddable":true,"href":"https:\/\/irankiuzona.lt\/ru\/wp-json\/wp\/v2\/media\/242396"}],"wp:attachment":[{"href":"https:\/\/irankiuzona.lt\/ru\/wp-json\/wp\/v2\/media?parent=242394"}],"wp:term":[{"taxonomy":"product_cat","embeddable":true,"href":"https:\/\/irankiuzona.lt\/ru\/wp-json\/wp\/v2\/product_cat?post=242394"},{"taxonomy":"product_tag","embeddable":true,"href":"https:\/\/irankiuzona.lt\/ru\/wp-json\/wp\/v2\/product_tag?post=242394"}],"curies":[{"name":"wp","href":"https:\/\/api.w.org\/{rel}","templated":true}]}}