{"id":242411,"date":"2024-09-29T06:30:10","date_gmt":"2024-09-29T06:30:10","guid":{"rendered":"https:\/\/irankiuzona.lt\/product\/ismuseju-kaltu-komplektas\/"},"modified":"2026-04-12T08:08:59","modified_gmt":"2026-04-12T08:08:59","slug":"ismuseju-kaltu-komplektas","status":"publish","type":"product","link":"https:\/\/irankiuzona.lt\/ru\/product\/ismuseju-kaltu-komplektas\/","title":{"rendered":"I\u0161mu\u0161\u0117j\u0173-kalt\u0173 komplektas"},"content":{"rendered":"<p>&quot;8 X 250mm LONG PIN PUNCHES: 1.5, 2.5, 3.0, 4.0, 5.0, 6.0, 8.0, 9.5mm<br \/>\n2 X 150mm PIN PUNCHES: 8.0, 9.5mm<br \/>\n7 X 100mm PIN PUNCHES: 1.5, 2.5, 3.0, 4.0, 5.0, 5.5, 6.0mm<br \/>\n1 X 125mm AUTOMATIC CENTRE PUNCH&quot;<\/p>","protected":false},"excerpt":{"rendered":"<p>I\u0161mu\u0161\u0117j\u0173-kalt\u0173 komplektas<\/p>","protected":false},"featured_media":242413,"comment_status":"open","ping_status":"open","template":"","meta":[],"product_cat":[9996],"product_tag":[9435],"class_list":{"0":"post-242411","1":"product","2":"type-product","3":"status-publish","4":"has-post-thumbnail","6":"product_brand-kinija","7":"product_cat-ismusimo-iskalimo-irankiai-kaltai-ismusikliai-zymekliai-centravimo-irankiai","8":"product_tag-kinija","10":"first","11":"outofstock","12":"purchasable","13":"product-type-simple"},"jetpack_sharing_enabled":true,"_links":{"self":[{"href":"https:\/\/irankiuzona.lt\/ru\/wp-json\/wp\/v2\/product\/242411","targetHints":{"allow":["GET"]}}],"collection":[{"href":"https:\/\/irankiuzona.lt\/ru\/wp-json\/wp\/v2\/product"}],"about":[{"href":"https:\/\/irankiuzona.lt\/ru\/wp-json\/wp\/v2\/types\/product"}],"replies":[{"embeddable":true,"href":"https:\/\/irankiuzona.lt\/ru\/wp-json\/wp\/v2\/comments?post=242411"}],"version-history":[{"count":1,"href":"https:\/\/irankiuzona.lt\/ru\/wp-json\/wp\/v2\/product\/242411\/revisions"}],"predecessor-version":[{"id":415587,"href":"https:\/\/irankiuzona.lt\/ru\/wp-json\/wp\/v2\/product\/242411\/revisions\/415587"}],"wp:featuredmedia":[{"embeddable":true,"href":"https:\/\/irankiuzona.lt\/ru\/wp-json\/wp\/v2\/media\/242413"}],"wp:attachment":[{"href":"https:\/\/irankiuzona.lt\/ru\/wp-json\/wp\/v2\/media?parent=242411"}],"wp:term":[{"taxonomy":"product_cat","embeddable":true,"href":"https:\/\/irankiuzona.lt\/ru\/wp-json\/wp\/v2\/product_cat?post=242411"},{"taxonomy":"product_tag","embeddable":true,"href":"https:\/\/irankiuzona.lt\/ru\/wp-json\/wp\/v2\/product_tag?post=242411"}],"curies":[{"name":"wp","href":"https:\/\/api.w.org\/{rel}","templated":true}]}}