{"id":242443,"date":"2024-09-29T06:30:14","date_gmt":"2024-09-29T06:30:14","guid":{"rendered":"https:\/\/irankiuzona.lt\/product\/verzliu-nupjovejai-2vnt-6-24-mm\/"},"modified":"2026-04-17T19:56:46","modified_gmt":"2026-04-17T19:56:46","slug":"verzliu-nupjovejai-2vnt-6-24-mm","status":"publish","type":"product","link":"https:\/\/irankiuzona.lt\/ru\/product\/verzliu-nupjovejai-2vnt-6-24-mm\/","title":{"rendered":"Ver\u017eli\u0173 nupjov\u0117jai, 2vnt. \/  6-24 mm"},"content":{"rendered":"<p>Tinka ver\u017el\u0117ms nuo 6 iki 24 mmNut Splitter Set, 2 pcs., 6-24 mm<\/p>","protected":false},"excerpt":{"rendered":"<p>Sugadint\u0173 ver\u017eli\u0173-var\u017et\u0173 nukand\u0117jai-nupjov\u0117jai, 2 vnt. \/ 6-24 mm<\/p>","protected":false},"featured_media":242445,"comment_status":"open","ping_status":"open","template":"","meta":[],"product_cat":[9805],"product_tag":[9462],"class_list":{"0":"post-242443","1":"product","2":"type-product","3":"status-publish","4":"has-post-thumbnail","6":"product_brand-condor-werkzeug-vokietija","7":"product_cat-sugadintu-varztu-ir-verzliu-nupjovejai","8":"product_tag-condor-werkzeug-vokietija","10":"first","11":"instock","12":"purchasable","13":"product-type-simple"},"jetpack_sharing_enabled":true,"_links":{"self":[{"href":"https:\/\/irankiuzona.lt\/ru\/wp-json\/wp\/v2\/product\/242443","targetHints":{"allow":["GET"]}}],"collection":[{"href":"https:\/\/irankiuzona.lt\/ru\/wp-json\/wp\/v2\/product"}],"about":[{"href":"https:\/\/irankiuzona.lt\/ru\/wp-json\/wp\/v2\/types\/product"}],"replies":[{"embeddable":true,"href":"https:\/\/irankiuzona.lt\/ru\/wp-json\/wp\/v2\/comments?post=242443"}],"version-history":[{"count":1,"href":"https:\/\/irankiuzona.lt\/ru\/wp-json\/wp\/v2\/product\/242443\/revisions"}],"predecessor-version":[{"id":415597,"href":"https:\/\/irankiuzona.lt\/ru\/wp-json\/wp\/v2\/product\/242443\/revisions\/415597"}],"wp:featuredmedia":[{"embeddable":true,"href":"https:\/\/irankiuzona.lt\/ru\/wp-json\/wp\/v2\/media\/242445"}],"wp:attachment":[{"href":"https:\/\/irankiuzona.lt\/ru\/wp-json\/wp\/v2\/media?parent=242443"}],"wp:term":[{"taxonomy":"product_cat","embeddable":true,"href":"https:\/\/irankiuzona.lt\/ru\/wp-json\/wp\/v2\/product_cat?post=242443"},{"taxonomy":"product_tag","embeddable":true,"href":"https:\/\/irankiuzona.lt\/ru\/wp-json\/wp\/v2\/product_tag?post=242443"}],"curies":[{"name":"wp","href":"https:\/\/api.w.org\/{rel}","templated":true}]}}