{"id":242446,"date":"2024-09-29T06:30:14","date_gmt":"2024-09-29T06:30:14","guid":{"rendered":"https:\/\/irankiuzona.lt\/product\/antgalis-pompai-uzspaudziamas\/"},"modified":"2025-03-23T01:50:39","modified_gmt":"2025-03-23T01:50:39","slug":"antgalis-pompai-uzspaudziamas","status":"publish","type":"product","link":"https:\/\/irankiuzona.lt\/ru\/product\/antgalis-pompai-uzspaudziamas\/","title":{"rendered":"Antgalis pompai, u\u017espaud\u017eiamas"},"content":{"rendered":"<p>Antgalis pompai, u\u017elenkiamas<\/p>","protected":false},"excerpt":{"rendered":"<p>Antgalis pompai, u\u017espaud\u017eiamas<\/p>","protected":false},"featured_media":242448,"comment_status":"open","ping_status":"open","template":"","meta":[],"product_cat":[9472],"product_tag":[9898],"class_list":{"0":"post-242446","1":"product","2":"type-product","3":"status-publish","4":"has-post-thumbnail","6":"product_brand-avtodelo","7":"product_cat-pistoletai-padangu-putimui","8":"product_tag-avtodelo","10":"first","11":"outofstock","12":"purchasable","13":"product-type-simple"},"jetpack_sharing_enabled":true,"_links":{"self":[{"href":"https:\/\/irankiuzona.lt\/ru\/wp-json\/wp\/v2\/product\/242446","targetHints":{"allow":["GET"]}}],"collection":[{"href":"https:\/\/irankiuzona.lt\/ru\/wp-json\/wp\/v2\/product"}],"about":[{"href":"https:\/\/irankiuzona.lt\/ru\/wp-json\/wp\/v2\/types\/product"}],"replies":[{"embeddable":true,"href":"https:\/\/irankiuzona.lt\/ru\/wp-json\/wp\/v2\/comments?post=242446"}],"version-history":[{"count":0,"href":"https:\/\/irankiuzona.lt\/ru\/wp-json\/wp\/v2\/product\/242446\/revisions"}],"wp:featuredmedia":[{"embeddable":true,"href":"https:\/\/irankiuzona.lt\/ru\/wp-json\/wp\/v2\/media\/242448"}],"wp:attachment":[{"href":"https:\/\/irankiuzona.lt\/ru\/wp-json\/wp\/v2\/media?parent=242446"}],"wp:term":[{"taxonomy":"product_cat","embeddable":true,"href":"https:\/\/irankiuzona.lt\/ru\/wp-json\/wp\/v2\/product_cat?post=242446"},{"taxonomy":"product_tag","embeddable":true,"href":"https:\/\/irankiuzona.lt\/ru\/wp-json\/wp\/v2\/product_tag?post=242446"}],"curies":[{"name":"wp","href":"https:\/\/api.w.org\/{rel}","templated":true}]}}