{"id":242449,"date":"2024-09-29T06:30:14","date_gmt":"2024-09-29T06:30:14","guid":{"rendered":"https:\/\/irankiuzona.lt\/product\/sepeciai-zvakiu-purkstuku-lizdams-2vnt\/"},"modified":"2026-04-11T06:44:25","modified_gmt":"2026-04-11T06:44:25","slug":"sepeciai-zvakiu-purkstuku-lizdams-2vnt","status":"publish","type":"product","link":"https:\/\/irankiuzona.lt\/ru\/product\/sepeciai-zvakiu-purkstuku-lizdams-2vnt\/","title":{"rendered":"\u0160epe\u010diai \u017evaki\u0173-purk\u0161tuk\u0173 lizdams \/ 2vnt."},"content":{"rendered":"<p>Common-Rail \/ Bosch, Delphi \/ HDI\u00d88,5mm x 100mm darbinis ilgis x 300mm bendras ilgis\u00d819,5mm x 25mm darbinis ilgis x 85mm bendras ilgis<\/p>","protected":false},"excerpt":{"rendered":"<p>\u0160epe\u010diai \u017evaki\u0173-purk\u0161tuk\u0173 lizdams \/ 2vnt.<\/p>","protected":false},"featured_media":242451,"comment_status":"open","ping_status":"open","template":"","meta":[],"product_cat":[9794],"product_tag":[9898],"class_list":{"0":"post-242449","1":"product","2":"type-product","3":"status-publish","4":"has-post-thumbnail","6":"product_brand-avtodelo","7":"product_cat-sepeteliai-zvakems","8":"product_tag-avtodelo","10":"first","11":"outofstock","12":"purchasable","13":"product-type-simple"},"jetpack_sharing_enabled":true,"_links":{"self":[{"href":"https:\/\/irankiuzona.lt\/ru\/wp-json\/wp\/v2\/product\/242449","targetHints":{"allow":["GET"]}}],"collection":[{"href":"https:\/\/irankiuzona.lt\/ru\/wp-json\/wp\/v2\/product"}],"about":[{"href":"https:\/\/irankiuzona.lt\/ru\/wp-json\/wp\/v2\/types\/product"}],"replies":[{"embeddable":true,"href":"https:\/\/irankiuzona.lt\/ru\/wp-json\/wp\/v2\/comments?post=242449"}],"version-history":[{"count":1,"href":"https:\/\/irankiuzona.lt\/ru\/wp-json\/wp\/v2\/product\/242449\/revisions"}],"predecessor-version":[{"id":415598,"href":"https:\/\/irankiuzona.lt\/ru\/wp-json\/wp\/v2\/product\/242449\/revisions\/415598"}],"wp:featuredmedia":[{"embeddable":true,"href":"https:\/\/irankiuzona.lt\/ru\/wp-json\/wp\/v2\/media\/242451"}],"wp:attachment":[{"href":"https:\/\/irankiuzona.lt\/ru\/wp-json\/wp\/v2\/media?parent=242449"}],"wp:term":[{"taxonomy":"product_cat","embeddable":true,"href":"https:\/\/irankiuzona.lt\/ru\/wp-json\/wp\/v2\/product_cat?post=242449"},{"taxonomy":"product_tag","embeddable":true,"href":"https:\/\/irankiuzona.lt\/ru\/wp-json\/wp\/v2\/product_tag?post=242449"}],"curies":[{"name":"wp","href":"https:\/\/api.w.org\/{rel}","templated":true}]}}