{"id":242455,"date":"2024-09-29T06:30:15","date_gmt":"2024-09-29T06:30:15","guid":{"rendered":"https:\/\/irankiuzona.lt\/product\/keltuvas-pakopinis-8t-dvieju-pakopu\/"},"modified":"2025-04-04T06:40:15","modified_gmt":"2025-04-04T06:40:15","slug":"keltuvas-pakopinis-8t-dvieju-pakopu","status":"publish","type":"product","link":"https:\/\/irankiuzona.lt\/ru\/product\/keltuvas-pakopinis-8t-dvieju-pakopu\/","title":{"rendered":"Keltuvas pakopinis 8T \/ dviej\u0173 pakop\u0173"},"content":{"rendered":"<p>Galia 8000kg (8t)K\u0117limo auk\u0161tis 270 &#8211; 635 mm<\/p>","protected":false},"excerpt":{"rendered":"<p>Keltuvas pakopinis 8T \/ dviej\u0173 pakop\u0173 \/ 270-635mm<\/p>","protected":false},"featured_media":242457,"comment_status":"open","ping_status":"open","template":"","meta":[],"product_cat":[9707],"product_tag":[9898],"class_list":{"0":"post-242455","1":"product","2":"type-product","3":"status-publish","4":"has-post-thumbnail","6":"product_brand-avtodelo","7":"product_cat-domkratai-pakopiniai","8":"product_tag-avtodelo","10":"first","11":"outofstock","12":"purchasable","13":"product-type-simple"},"jetpack_sharing_enabled":true,"_links":{"self":[{"href":"https:\/\/irankiuzona.lt\/ru\/wp-json\/wp\/v2\/product\/242455","targetHints":{"allow":["GET"]}}],"collection":[{"href":"https:\/\/irankiuzona.lt\/ru\/wp-json\/wp\/v2\/product"}],"about":[{"href":"https:\/\/irankiuzona.lt\/ru\/wp-json\/wp\/v2\/types\/product"}],"replies":[{"embeddable":true,"href":"https:\/\/irankiuzona.lt\/ru\/wp-json\/wp\/v2\/comments?post=242455"}],"version-history":[{"count":0,"href":"https:\/\/irankiuzona.lt\/ru\/wp-json\/wp\/v2\/product\/242455\/revisions"}],"wp:featuredmedia":[{"embeddable":true,"href":"https:\/\/irankiuzona.lt\/ru\/wp-json\/wp\/v2\/media\/242457"}],"wp:attachment":[{"href":"https:\/\/irankiuzona.lt\/ru\/wp-json\/wp\/v2\/media?parent=242455"}],"wp:term":[{"taxonomy":"product_cat","embeddable":true,"href":"https:\/\/irankiuzona.lt\/ru\/wp-json\/wp\/v2\/product_cat?post=242455"},{"taxonomy":"product_tag","embeddable":true,"href":"https:\/\/irankiuzona.lt\/ru\/wp-json\/wp\/v2\/product_tag?post=242455"}],"curies":[{"name":"wp","href":"https:\/\/api.w.org\/{rel}","templated":true}]}}