{"id":242458,"date":"2024-09-29T06:30:15","date_gmt":"2024-09-29T06:30:15","guid":{"rendered":"https:\/\/irankiuzona.lt\/product\/graztu-laikiklis-1-13-mm\/"},"modified":"2026-05-09T21:32:22","modified_gmt":"2026-05-09T21:32:22","slug":"graztu-laikiklis-1-13-mm","status":"publish","type":"product","link":"https:\/\/irankiuzona.lt\/ru\/product\/graztu-laikiklis-1-13-mm\/","title":{"rendered":"Gr\u0105\u017et\u0173 laikiklis \/ 1-13 mm"},"content":{"rendered":"<p>Laikiklis gr\u0105\u017etams 1-13 mm , kas 0,5mm.\u00a0<\/p>","protected":false},"excerpt":{"rendered":"<p>Gr\u0105\u017et\u0173 laikiklis \/ 1-13 mm<\/p>","protected":false},"featured_media":242460,"comment_status":"open","ping_status":"open","template":"","meta":[],"product_cat":[10009],"product_tag":[9462],"class_list":{"0":"post-242458","1":"product","2":"type-product","3":"status-publish","4":"has-post-thumbnail","6":"product_brand-condor-werkzeug-vokietija","7":"product_cat-graztai-metalui","8":"product_tag-condor-werkzeug-vokietija","10":"first","11":"instock","12":"purchasable","13":"product-type-simple"},"jetpack_sharing_enabled":true,"_links":{"self":[{"href":"https:\/\/irankiuzona.lt\/ru\/wp-json\/wp\/v2\/product\/242458","targetHints":{"allow":["GET"]}}],"collection":[{"href":"https:\/\/irankiuzona.lt\/ru\/wp-json\/wp\/v2\/product"}],"about":[{"href":"https:\/\/irankiuzona.lt\/ru\/wp-json\/wp\/v2\/types\/product"}],"replies":[{"embeddable":true,"href":"https:\/\/irankiuzona.lt\/ru\/wp-json\/wp\/v2\/comments?post=242458"}],"version-history":[{"count":1,"href":"https:\/\/irankiuzona.lt\/ru\/wp-json\/wp\/v2\/product\/242458\/revisions"}],"predecessor-version":[{"id":415600,"href":"https:\/\/irankiuzona.lt\/ru\/wp-json\/wp\/v2\/product\/242458\/revisions\/415600"}],"wp:featuredmedia":[{"embeddable":true,"href":"https:\/\/irankiuzona.lt\/ru\/wp-json\/wp\/v2\/media\/242460"}],"wp:attachment":[{"href":"https:\/\/irankiuzona.lt\/ru\/wp-json\/wp\/v2\/media?parent=242458"}],"wp:term":[{"taxonomy":"product_cat","embeddable":true,"href":"https:\/\/irankiuzona.lt\/ru\/wp-json\/wp\/v2\/product_cat?post=242458"},{"taxonomy":"product_tag","embeddable":true,"href":"https:\/\/irankiuzona.lt\/ru\/wp-json\/wp\/v2\/product_tag?post=242458"}],"curies":[{"name":"wp","href":"https:\/\/api.w.org\/{rel}","templated":true}]}}