{"id":242467,"date":"2024-09-29T06:30:16","date_gmt":"2024-09-29T06:30:16","guid":{"rendered":"https:\/\/irankiuzona.lt\/product\/universalus-uzvalkalai-salonui-5dalys\/"},"modified":"2026-05-13T22:00:09","modified_gmt":"2026-05-13T22:00:09","slug":"universalus-uzvalkalai-salonui-5dalys","status":"publish","type":"product","link":"https:\/\/irankiuzona.lt\/ru\/product\/universalus-uzvalkalai-salonui-5dalys\/","title":{"rendered":"Universal\u016bs u\u017evalkalai salonui \/ 5dalys"},"content":{"rendered":"<p>1 vnt. Vairo u\u017evalkalas su gumyt\u0117mis1 vnt. S\u0117dyn\u0117s u\u017evalkalas1 vnt. B\u0117gi\u0173 svirtel\u0117s mai\u0161elis1 vnt. Rankinio stabd\u017eio mai\u0161elis1 vnt. Koj\u0173 kilim\u0117lis<\/p>","protected":false},"excerpt":{"rendered":"<p>Apsauginiai universal\u016bs u\u017evalkalai salonui nuo i\u0161purvinim\u0173 \/ 5dalys<\/p>","protected":false},"featured_media":242469,"comment_status":"open","ping_status":"open","template":"","meta":[],"product_cat":[9697],"product_tag":[9435],"class_list":{"0":"post-242467","1":"product","2":"type-product","3":"status-publish","4":"has-post-thumbnail","6":"product_brand-kinija","7":"product_cat-aksesuarai-automobiliams","8":"product_tag-kinija","10":"first","11":"instock","12":"purchasable","13":"product-type-simple"},"jetpack_sharing_enabled":true,"_links":{"self":[{"href":"https:\/\/irankiuzona.lt\/ru\/wp-json\/wp\/v2\/product\/242467","targetHints":{"allow":["GET"]}}],"collection":[{"href":"https:\/\/irankiuzona.lt\/ru\/wp-json\/wp\/v2\/product"}],"about":[{"href":"https:\/\/irankiuzona.lt\/ru\/wp-json\/wp\/v2\/types\/product"}],"replies":[{"embeddable":true,"href":"https:\/\/irankiuzona.lt\/ru\/wp-json\/wp\/v2\/comments?post=242467"}],"version-history":[{"count":1,"href":"https:\/\/irankiuzona.lt\/ru\/wp-json\/wp\/v2\/product\/242467\/revisions"}],"predecessor-version":[{"id":415603,"href":"https:\/\/irankiuzona.lt\/ru\/wp-json\/wp\/v2\/product\/242467\/revisions\/415603"}],"wp:featuredmedia":[{"embeddable":true,"href":"https:\/\/irankiuzona.lt\/ru\/wp-json\/wp\/v2\/media\/242469"}],"wp:attachment":[{"href":"https:\/\/irankiuzona.lt\/ru\/wp-json\/wp\/v2\/media?parent=242467"}],"wp:term":[{"taxonomy":"product_cat","embeddable":true,"href":"https:\/\/irankiuzona.lt\/ru\/wp-json\/wp\/v2\/product_cat?post=242467"},{"taxonomy":"product_tag","embeddable":true,"href":"https:\/\/irankiuzona.lt\/ru\/wp-json\/wp\/v2\/product_tag?post=242467"}],"curies":[{"name":"wp","href":"https:\/\/api.w.org\/{rel}","templated":true}]}}