{"id":242476,"date":"2024-09-29T06:30:17","date_gmt":"2024-09-29T06:30:17","guid":{"rendered":"https:\/\/irankiuzona.lt\/product\/sepetys-vielinis-kuginis-greztuvui-70-mm\/"},"modified":"2026-04-15T01:24:49","modified_gmt":"2026-04-15T01:24:49","slug":"sepetys-vielinis-kuginis-greztuvui-70-mm","status":"publish","type":"product","link":"https:\/\/irankiuzona.lt\/ru\/product\/sepetys-vielinis-kuginis-greztuvui-70-mm\/","title":{"rendered":"\u0160epetys vielinis k\u016bginis gr\u0119\u017etuvui 70 mm"},"content":{"rendered":"<p>Diametras: 70 mm<br \/>\nKotelio skersmuo: 6 mm<\/p>","protected":false},"excerpt":{"rendered":"<p>\u0160epetys vielinis k\u016bginis gr\u0119\u017etuvui 70 mm<\/p>","protected":false},"featured_media":242478,"comment_status":"open","ping_status":"open","template":"","meta":[],"product_cat":[9450],"product_tag":[9628],"class_list":{"0":"post-242476","1":"product","2":"type-product","3":"status-publish","4":"has-post-thumbnail","6":"product_brand-condor-lenkija","7":"product_cat-sepeciai-greztuvui-slif-pj-irankiui","8":"product_tag-condor-lenkija","10":"first","11":"outofstock","12":"purchasable","13":"product-type-simple"},"jetpack_sharing_enabled":true,"_links":{"self":[{"href":"https:\/\/irankiuzona.lt\/ru\/wp-json\/wp\/v2\/product\/242476","targetHints":{"allow":["GET"]}}],"collection":[{"href":"https:\/\/irankiuzona.lt\/ru\/wp-json\/wp\/v2\/product"}],"about":[{"href":"https:\/\/irankiuzona.lt\/ru\/wp-json\/wp\/v2\/types\/product"}],"replies":[{"embeddable":true,"href":"https:\/\/irankiuzona.lt\/ru\/wp-json\/wp\/v2\/comments?post=242476"}],"version-history":[{"count":1,"href":"https:\/\/irankiuzona.lt\/ru\/wp-json\/wp\/v2\/product\/242476\/revisions"}],"predecessor-version":[{"id":415606,"href":"https:\/\/irankiuzona.lt\/ru\/wp-json\/wp\/v2\/product\/242476\/revisions\/415606"}],"wp:featuredmedia":[{"embeddable":true,"href":"https:\/\/irankiuzona.lt\/ru\/wp-json\/wp\/v2\/media\/242478"}],"wp:attachment":[{"href":"https:\/\/irankiuzona.lt\/ru\/wp-json\/wp\/v2\/media?parent=242476"}],"wp:term":[{"taxonomy":"product_cat","embeddable":true,"href":"https:\/\/irankiuzona.lt\/ru\/wp-json\/wp\/v2\/product_cat?post=242476"},{"taxonomy":"product_tag","embeddable":true,"href":"https:\/\/irankiuzona.lt\/ru\/wp-json\/wp\/v2\/product_tag?post=242476"}],"curies":[{"name":"wp","href":"https:\/\/api.w.org\/{rel}","templated":true}]}}