{"id":242508,"date":"2024-09-29T06:30:20","date_gmt":"2024-09-29T06:30:20","guid":{"rendered":"https:\/\/irankiuzona.lt\/product\/graztas-metalui-prailgintas-25mm-225mm\/"},"modified":"2026-02-21T02:15:34","modified_gmt":"2026-02-21T02:15:34","slug":"graztas-metalui-prailgintas-25mm-225mm","status":"publish","type":"product","link":"https:\/\/irankiuzona.lt\/ru\/product\/graztas-metalui-prailgintas-25mm-225mm\/","title":{"rendered":"Gr\u0105\u017etas metalui prailgintas 2,5mm 225mm"},"content":{"rendered":"<p>Gr\u0105\u017etas metalui prailgintas 2,5mm 225mm HSS Co5<\/p>","protected":false},"excerpt":{"rendered":"<p>Gr\u0105\u017etas metalui prailgintas 2,5mm 225mm<\/p>","protected":false},"featured_media":242510,"comment_status":"open","ping_status":"open","template":"","meta":[],"product_cat":[9711],"product_tag":[9462],"class_list":{"0":"post-242508","1":"product","2":"type-product","3":"status-publish","4":"has-post-thumbnail","6":"product_brand-condor-werkzeug-vokietija","7":"product_cat-graztai-metalui-prailginti-din340","8":"product_tag-condor-werkzeug-vokietija","10":"first","11":"outofstock","12":"purchasable","13":"product-type-simple"},"jetpack_sharing_enabled":true,"_links":{"self":[{"href":"https:\/\/irankiuzona.lt\/ru\/wp-json\/wp\/v2\/product\/242508","targetHints":{"allow":["GET"]}}],"collection":[{"href":"https:\/\/irankiuzona.lt\/ru\/wp-json\/wp\/v2\/product"}],"about":[{"href":"https:\/\/irankiuzona.lt\/ru\/wp-json\/wp\/v2\/types\/product"}],"replies":[{"embeddable":true,"href":"https:\/\/irankiuzona.lt\/ru\/wp-json\/wp\/v2\/comments?post=242508"}],"version-history":[{"count":1,"href":"https:\/\/irankiuzona.lt\/ru\/wp-json\/wp\/v2\/product\/242508\/revisions"}],"predecessor-version":[{"id":415615,"href":"https:\/\/irankiuzona.lt\/ru\/wp-json\/wp\/v2\/product\/242508\/revisions\/415615"}],"wp:featuredmedia":[{"embeddable":true,"href":"https:\/\/irankiuzona.lt\/ru\/wp-json\/wp\/v2\/media\/242510"}],"wp:attachment":[{"href":"https:\/\/irankiuzona.lt\/ru\/wp-json\/wp\/v2\/media?parent=242508"}],"wp:term":[{"taxonomy":"product_cat","embeddable":true,"href":"https:\/\/irankiuzona.lt\/ru\/wp-json\/wp\/v2\/product_cat?post=242508"},{"taxonomy":"product_tag","embeddable":true,"href":"https:\/\/irankiuzona.lt\/ru\/wp-json\/wp\/v2\/product_tag?post=242508"}],"curies":[{"name":"wp","href":"https:\/\/api.w.org\/{rel}","templated":true}]}}