{"id":242511,"date":"2024-09-29T06:30:20","date_gmt":"2024-09-29T06:30:20","guid":{"rendered":"https:\/\/irankiuzona.lt\/product\/magnetinis-laikiklis-vezimeliui-iki-25kg\/"},"modified":"2026-05-16T11:34:01","modified_gmt":"2026-05-16T11:34:01","slug":"magnetinis-laikiklis-vezimeliui-iki-25kg","status":"publish","type":"product","link":"https:\/\/irankiuzona.lt\/ru\/product\/magnetinis-laikiklis-vezimeliui-iki-25kg\/","title":{"rendered":"Magnetinis laikiklis ve\u017eim\u0117liui \/ iki 25kg"},"content":{"rendered":"<p>Magnetic Holder For Impact Wrench, 2 magnets, max. 25 kg<\/p>\n<p>2 extra strong magnets, max. weight capacity 25 kg<br \/>\neasy mounting to lifting platforms and other metal surfaces<br \/>\nopen ring holder prevents accidental triggering of impact wrench<br \/>\nholding devices for:5 wheel nut sockets 1 impact wrench 1 torque wrench<\/p>","protected":false},"excerpt":{"rendered":"<p>Magnetinis laikiklis \u012frankiams, ve\u017eim\u0117liui \/ iki 25kg<\/p>","protected":false},"featured_media":242513,"comment_status":"open","ping_status":"open","template":"","meta":[],"product_cat":[9873],"product_tag":[9462],"class_list":{"0":"post-242511","1":"product","2":"type-product","3":"status-publish","4":"has-post-thumbnail","6":"product_brand-condor-werkzeug-vokietija","7":"product_cat-priedai-vezimeliams","8":"product_tag-condor-werkzeug-vokietija","10":"first","11":"instock","12":"purchasable","13":"product-type-simple"},"jetpack_sharing_enabled":true,"_links":{"self":[{"href":"https:\/\/irankiuzona.lt\/ru\/wp-json\/wp\/v2\/product\/242511","targetHints":{"allow":["GET"]}}],"collection":[{"href":"https:\/\/irankiuzona.lt\/ru\/wp-json\/wp\/v2\/product"}],"about":[{"href":"https:\/\/irankiuzona.lt\/ru\/wp-json\/wp\/v2\/types\/product"}],"replies":[{"embeddable":true,"href":"https:\/\/irankiuzona.lt\/ru\/wp-json\/wp\/v2\/comments?post=242511"}],"version-history":[{"count":1,"href":"https:\/\/irankiuzona.lt\/ru\/wp-json\/wp\/v2\/product\/242511\/revisions"}],"predecessor-version":[{"id":415616,"href":"https:\/\/irankiuzona.lt\/ru\/wp-json\/wp\/v2\/product\/242511\/revisions\/415616"}],"wp:featuredmedia":[{"embeddable":true,"href":"https:\/\/irankiuzona.lt\/ru\/wp-json\/wp\/v2\/media\/242513"}],"wp:attachment":[{"href":"https:\/\/irankiuzona.lt\/ru\/wp-json\/wp\/v2\/media?parent=242511"}],"wp:term":[{"taxonomy":"product_cat","embeddable":true,"href":"https:\/\/irankiuzona.lt\/ru\/wp-json\/wp\/v2\/product_cat?post=242511"},{"taxonomy":"product_tag","embeddable":true,"href":"https:\/\/irankiuzona.lt\/ru\/wp-json\/wp\/v2\/product_tag?post=242511"}],"curies":[{"name":"wp","href":"https:\/\/api.w.org\/{rel}","templated":true}]}}