{"id":242538,"date":"2024-09-29T06:30:23","date_gmt":"2024-09-29T06:30:23","guid":{"rendered":"https:\/\/irankiuzona.lt\/product\/reples-fiksavimo-ziedams-175mm-spaudziancios-tiesios\/"},"modified":"2026-04-06T03:30:48","modified_gmt":"2026-04-06T03:30:48","slug":"reples-fiksavimo-ziedams-175mm-spaudziancios-tiesios","status":"publish","type":"product","link":"https:\/\/irankiuzona.lt\/ru\/product\/reples-fiksavimo-ziedams-175mm-spaudziancios-tiesios\/","title":{"rendered":"Repl\u0117s fiksavimo \u017eiedams 175mm spaud\u017eian\u010dios, tiesios"},"content":{"rendered":"<p>\u00a0\u00d8 19 &#8211; 60 mm<\/p>","protected":false},"excerpt":{"rendered":"<p>Repl\u0117s fiksavimo \u017eiedams 175mm spaud\u017eian\u010dios, tiesios (vidin\u0117s)<\/p>","protected":false},"featured_media":242540,"comment_status":"open","ping_status":"open","template":"","meta":[],"product_cat":[9744],"product_tag":[9778],"class_list":{"0":"post-242538","1":"product","2":"type-product","3":"status-publish","4":"has-post-thumbnail","6":"product_brand-triumf-professional-tools-slovakija","7":"product_cat-reples-fiksavimo-ziedams-po-1vnt","8":"product_tag-triumf-professional-tools-slovakija","10":"first","11":"instock","12":"purchasable","13":"product-type-simple"},"jetpack_sharing_enabled":true,"_links":{"self":[{"href":"https:\/\/irankiuzona.lt\/ru\/wp-json\/wp\/v2\/product\/242538","targetHints":{"allow":["GET"]}}],"collection":[{"href":"https:\/\/irankiuzona.lt\/ru\/wp-json\/wp\/v2\/product"}],"about":[{"href":"https:\/\/irankiuzona.lt\/ru\/wp-json\/wp\/v2\/types\/product"}],"replies":[{"embeddable":true,"href":"https:\/\/irankiuzona.lt\/ru\/wp-json\/wp\/v2\/comments?post=242538"}],"version-history":[{"count":0,"href":"https:\/\/irankiuzona.lt\/ru\/wp-json\/wp\/v2\/product\/242538\/revisions"}],"wp:featuredmedia":[{"embeddable":true,"href":"https:\/\/irankiuzona.lt\/ru\/wp-json\/wp\/v2\/media\/242540"}],"wp:attachment":[{"href":"https:\/\/irankiuzona.lt\/ru\/wp-json\/wp\/v2\/media?parent=242538"}],"wp:term":[{"taxonomy":"product_cat","embeddable":true,"href":"https:\/\/irankiuzona.lt\/ru\/wp-json\/wp\/v2\/product_cat?post=242538"},{"taxonomy":"product_tag","embeddable":true,"href":"https:\/\/irankiuzona.lt\/ru\/wp-json\/wp\/v2\/product_tag?post=242538"}],"curies":[{"name":"wp","href":"https:\/\/api.w.org\/{rel}","templated":true}]}}