{"id":242568,"date":"2024-09-29T06:30:26","date_gmt":"2024-09-29T06:30:26","guid":{"rendered":"https:\/\/irankiuzona.lt\/product\/graztas-betonui-o10mm210mm-sds\/"},"modified":"2026-04-13T11:24:01","modified_gmt":"2026-04-13T11:24:01","slug":"graztas-betonui-o10mm210mm-sds","status":"publish","type":"product","link":"https:\/\/irankiuzona.lt\/ru\/product\/graztas-betonui-o10mm210mm-sds\/","title":{"rendered":"Gr\u0105\u017etas betonui \u00d810mm*210mm \/ SDS+"},"content":{"rendered":"<p>Gr\u0105\u017eto tvirtinimas: SDS-PLUS \/ (SDS+)<\/p>","protected":false},"excerpt":{"rendered":"<p>Betono gr\u0105\u017etas SDS-PLUS \u00d810 mm*210 mm<\/p>","protected":false},"featured_media":242570,"comment_status":"open","ping_status":"open","template":"","meta":[],"product_cat":[9639],"product_tag":[9716],"class_list":{"0":"post-242568","1":"product","2":"type-product","3":"status-publish","4":"has-post-thumbnail","6":"product_brand-jufisto-lenkija","7":"product_cat-graztai-betonui-sds","8":"product_tag-jufisto-lenkija","10":"first","11":"outofstock","12":"purchasable","13":"product-type-simple"},"jetpack_sharing_enabled":true,"_links":{"self":[{"href":"https:\/\/irankiuzona.lt\/ru\/wp-json\/wp\/v2\/product\/242568","targetHints":{"allow":["GET"]}}],"collection":[{"href":"https:\/\/irankiuzona.lt\/ru\/wp-json\/wp\/v2\/product"}],"about":[{"href":"https:\/\/irankiuzona.lt\/ru\/wp-json\/wp\/v2\/types\/product"}],"replies":[{"embeddable":true,"href":"https:\/\/irankiuzona.lt\/ru\/wp-json\/wp\/v2\/comments?post=242568"}],"version-history":[{"count":1,"href":"https:\/\/irankiuzona.lt\/ru\/wp-json\/wp\/v2\/product\/242568\/revisions"}],"predecessor-version":[{"id":415635,"href":"https:\/\/irankiuzona.lt\/ru\/wp-json\/wp\/v2\/product\/242568\/revisions\/415635"}],"wp:featuredmedia":[{"embeddable":true,"href":"https:\/\/irankiuzona.lt\/ru\/wp-json\/wp\/v2\/media\/242570"}],"wp:attachment":[{"href":"https:\/\/irankiuzona.lt\/ru\/wp-json\/wp\/v2\/media?parent=242568"}],"wp:term":[{"taxonomy":"product_cat","embeddable":true,"href":"https:\/\/irankiuzona.lt\/ru\/wp-json\/wp\/v2\/product_cat?post=242568"},{"taxonomy":"product_tag","embeddable":true,"href":"https:\/\/irankiuzona.lt\/ru\/wp-json\/wp\/v2\/product_tag?post=242568"}],"curies":[{"name":"wp","href":"https:\/\/api.w.org\/{rel}","templated":true}]}}