{"id":242601,"date":"2024-09-29T06:30:29","date_gmt":"2024-09-29T06:30:29","guid":{"rendered":"https:\/\/irankiuzona.lt\/product\/graztas-betonui-o14mm260mm-sds\/"},"modified":"2024-11-07T00:22:40","modified_gmt":"2024-11-07T00:22:40","slug":"graztas-betonui-o14mm260mm-sds","status":"publish","type":"product","link":"https:\/\/irankiuzona.lt\/ru\/product\/graztas-betonui-o14mm260mm-sds\/","title":{"rendered":"Gr\u0105\u017etas betonui \u00d814mm*260mm \/ SDS+"},"content":{"rendered":"<p>Gr\u0105\u017eto tvirtinimas: SDS-PLUS \/ (SDS+)<\/p>","protected":false},"excerpt":{"rendered":"<p>Betono gr\u0105\u017etas SDS-PLUS \u00d814 mm*260 mm<\/p>","protected":false},"featured_media":242603,"comment_status":"open","ping_status":"open","template":"","meta":[],"product_cat":[9639],"product_tag":[9716],"class_list":{"0":"post-242601","1":"product","2":"type-product","3":"status-publish","4":"has-post-thumbnail","6":"product_brand-jufisto-lenkija","7":"product_cat-graztai-betonui-sds","8":"product_tag-jufisto-lenkija","10":"first","11":"outofstock","12":"purchasable","13":"product-type-simple"},"jetpack_sharing_enabled":true,"_links":{"self":[{"href":"https:\/\/irankiuzona.lt\/ru\/wp-json\/wp\/v2\/product\/242601","targetHints":{"allow":["GET"]}}],"collection":[{"href":"https:\/\/irankiuzona.lt\/ru\/wp-json\/wp\/v2\/product"}],"about":[{"href":"https:\/\/irankiuzona.lt\/ru\/wp-json\/wp\/v2\/types\/product"}],"replies":[{"embeddable":true,"href":"https:\/\/irankiuzona.lt\/ru\/wp-json\/wp\/v2\/comments?post=242601"}],"version-history":[{"count":0,"href":"https:\/\/irankiuzona.lt\/ru\/wp-json\/wp\/v2\/product\/242601\/revisions"}],"wp:featuredmedia":[{"embeddable":true,"href":"https:\/\/irankiuzona.lt\/ru\/wp-json\/wp\/v2\/media\/242603"}],"wp:attachment":[{"href":"https:\/\/irankiuzona.lt\/ru\/wp-json\/wp\/v2\/media?parent=242601"}],"wp:term":[{"taxonomy":"product_cat","embeddable":true,"href":"https:\/\/irankiuzona.lt\/ru\/wp-json\/wp\/v2\/product_cat?post=242601"},{"taxonomy":"product_tag","embeddable":true,"href":"https:\/\/irankiuzona.lt\/ru\/wp-json\/wp\/v2\/product_tag?post=242601"}],"curies":[{"name":"wp","href":"https:\/\/api.w.org\/{rel}","templated":true}]}}