{"id":242613,"date":"2024-09-29T06:30:30","date_gmt":"2024-09-29T06:30:30","guid":{"rendered":"https:\/\/irankiuzona.lt\/product\/graztas-betonui-o16mm310mm-sds\/"},"modified":"2025-04-01T02:25:32","modified_gmt":"2025-04-01T02:25:32","slug":"graztas-betonui-o16mm310mm-sds","status":"publish","type":"product","link":"https:\/\/irankiuzona.lt\/ru\/product\/graztas-betonui-o16mm310mm-sds\/","title":{"rendered":"Gr\u0105\u017etas betonui \u00d816mm*310mm \/ SDS+"},"content":{"rendered":"<p>Gr\u0105\u017eto tvirtinimas: SDS-PLUS \/ (SDS+)<\/p>","protected":false},"excerpt":{"rendered":"<p>Betono gr\u0105\u017etas SDS-PLUS \u00d816 mm*310 mm<\/p>","protected":false},"featured_media":242615,"comment_status":"open","ping_status":"open","template":"","meta":[],"product_cat":[9639],"product_tag":[9716],"class_list":{"0":"post-242613","1":"product","2":"type-product","3":"status-publish","4":"has-post-thumbnail","6":"product_brand-jufisto-lenkija","7":"product_cat-graztai-betonui-sds","8":"product_tag-jufisto-lenkija","10":"first","11":"instock","12":"purchasable","13":"product-type-simple"},"jetpack_sharing_enabled":true,"_links":{"self":[{"href":"https:\/\/irankiuzona.lt\/ru\/wp-json\/wp\/v2\/product\/242613","targetHints":{"allow":["GET"]}}],"collection":[{"href":"https:\/\/irankiuzona.lt\/ru\/wp-json\/wp\/v2\/product"}],"about":[{"href":"https:\/\/irankiuzona.lt\/ru\/wp-json\/wp\/v2\/types\/product"}],"replies":[{"embeddable":true,"href":"https:\/\/irankiuzona.lt\/ru\/wp-json\/wp\/v2\/comments?post=242613"}],"version-history":[{"count":0,"href":"https:\/\/irankiuzona.lt\/ru\/wp-json\/wp\/v2\/product\/242613\/revisions"}],"wp:featuredmedia":[{"embeddable":true,"href":"https:\/\/irankiuzona.lt\/ru\/wp-json\/wp\/v2\/media\/242615"}],"wp:attachment":[{"href":"https:\/\/irankiuzona.lt\/ru\/wp-json\/wp\/v2\/media?parent=242613"}],"wp:term":[{"taxonomy":"product_cat","embeddable":true,"href":"https:\/\/irankiuzona.lt\/ru\/wp-json\/wp\/v2\/product_cat?post=242613"},{"taxonomy":"product_tag","embeddable":true,"href":"https:\/\/irankiuzona.lt\/ru\/wp-json\/wp\/v2\/product_tag?post=242613"}],"curies":[{"name":"wp","href":"https:\/\/api.w.org\/{rel}","templated":true}]}}