{"id":242697,"date":"2024-09-29T06:30:38","date_gmt":"2024-09-29T06:30:38","guid":{"rendered":"https:\/\/irankiuzona.lt\/product\/graztas-25-mm-stiklui-keramikai-medziui-aliuminiui-ir-pvc\/"},"modified":"2026-04-16T11:43:21","modified_gmt":"2026-04-16T11:43:21","slug":"graztas-25-mm-stiklui-keramikai-medziui-aliuminiui-ir-pvc","status":"publish","type":"product","link":"https:\/\/irankiuzona.lt\/ru\/product\/graztas-25-mm-stiklui-keramikai-medziui-aliuminiui-ir-pvc\/","title":{"rendered":"Gr\u0105\u017etas 25 mm stiklui, keramikai, med\u017eiui, aliuminiui ir PVC"},"content":{"rendered":"<p>Diametras: 25\u00a0mm<br \/>\nTinka gr\u0119\u017eti: stikl\u0105, keramik\u0105, med\u012f, aliumin\u012f ir PVC<\/p>","protected":false},"excerpt":{"rendered":"<p>Gr\u0105\u017etas 25 mm stiklui, keramikai, med\u017eiui, aliuminiui ir PVC\u00a0\u00a0<\/p>","protected":false},"featured_media":242699,"comment_status":"open","ping_status":"open","template":"","meta":[],"product_cat":[9859],"product_tag":[9628],"class_list":{"0":"post-242697","1":"product","2":"type-product","3":"status-publish","4":"has-post-thumbnail","6":"product_brand-condor-lenkija","7":"product_cat-graztai-stiklui","8":"product_tag-condor-lenkija","10":"first","11":"instock","12":"purchasable","13":"product-type-simple"},"jetpack_sharing_enabled":true,"_links":{"self":[{"href":"https:\/\/irankiuzona.lt\/ru\/wp-json\/wp\/v2\/product\/242697","targetHints":{"allow":["GET"]}}],"collection":[{"href":"https:\/\/irankiuzona.lt\/ru\/wp-json\/wp\/v2\/product"}],"about":[{"href":"https:\/\/irankiuzona.lt\/ru\/wp-json\/wp\/v2\/types\/product"}],"replies":[{"embeddable":true,"href":"https:\/\/irankiuzona.lt\/ru\/wp-json\/wp\/v2\/comments?post=242697"}],"version-history":[{"count":1,"href":"https:\/\/irankiuzona.lt\/ru\/wp-json\/wp\/v2\/product\/242697\/revisions"}],"predecessor-version":[{"id":415678,"href":"https:\/\/irankiuzona.lt\/ru\/wp-json\/wp\/v2\/product\/242697\/revisions\/415678"}],"wp:featuredmedia":[{"embeddable":true,"href":"https:\/\/irankiuzona.lt\/ru\/wp-json\/wp\/v2\/media\/242699"}],"wp:attachment":[{"href":"https:\/\/irankiuzona.lt\/ru\/wp-json\/wp\/v2\/media?parent=242697"}],"wp:term":[{"taxonomy":"product_cat","embeddable":true,"href":"https:\/\/irankiuzona.lt\/ru\/wp-json\/wp\/v2\/product_cat?post=242697"},{"taxonomy":"product_tag","embeddable":true,"href":"https:\/\/irankiuzona.lt\/ru\/wp-json\/wp\/v2\/product_tag?post=242697"}],"curies":[{"name":"wp","href":"https:\/\/api.w.org\/{rel}","templated":true}]}}