{"id":242706,"date":"2024-09-29T06:30:39","date_gmt":"2024-09-29T06:30:39","guid":{"rendered":"https:\/\/irankiuzona.lt\/product\/grezimo-karuna-bi-metal-16-mm\/"},"modified":"2026-04-16T17:56:52","modified_gmt":"2026-04-16T17:56:52","slug":"grezimo-karuna-bi-metal-16-mm","status":"publish","type":"product","link":"https:\/\/irankiuzona.lt\/ru\/product\/grezimo-karuna-bi-metal-16-mm\/","title":{"rendered":"Gr\u0119\u017eimo kar\u016bna Bi metal 16 mm"},"content":{"rendered":"<p>Kar\u016bnos diametras 16 mm<\/p>","protected":false},"excerpt":{"rendered":"<p>Gr\u0119\u017eimo kar\u016bna Bi metal 16 mm<\/p>","protected":false},"featured_media":242708,"comment_status":"open","ping_status":"open","template":"","meta":[],"product_cat":[9710],"product_tag":[9628],"class_list":{"0":"post-242706","1":"product","2":"type-product","3":"status-publish","4":"has-post-thumbnail","6":"product_brand-condor-lenkija","7":"product_cat-grezimo-karunos-metalui-medziui","8":"product_tag-condor-lenkija","10":"first","11":"instock","12":"purchasable","13":"product-type-simple"},"jetpack_sharing_enabled":true,"_links":{"self":[{"href":"https:\/\/irankiuzona.lt\/ru\/wp-json\/wp\/v2\/product\/242706","targetHints":{"allow":["GET"]}}],"collection":[{"href":"https:\/\/irankiuzona.lt\/ru\/wp-json\/wp\/v2\/product"}],"about":[{"href":"https:\/\/irankiuzona.lt\/ru\/wp-json\/wp\/v2\/types\/product"}],"replies":[{"embeddable":true,"href":"https:\/\/irankiuzona.lt\/ru\/wp-json\/wp\/v2\/comments?post=242706"}],"version-history":[{"count":1,"href":"https:\/\/irankiuzona.lt\/ru\/wp-json\/wp\/v2\/product\/242706\/revisions"}],"predecessor-version":[{"id":415681,"href":"https:\/\/irankiuzona.lt\/ru\/wp-json\/wp\/v2\/product\/242706\/revisions\/415681"}],"wp:featuredmedia":[{"embeddable":true,"href":"https:\/\/irankiuzona.lt\/ru\/wp-json\/wp\/v2\/media\/242708"}],"wp:attachment":[{"href":"https:\/\/irankiuzona.lt\/ru\/wp-json\/wp\/v2\/media?parent=242706"}],"wp:term":[{"taxonomy":"product_cat","embeddable":true,"href":"https:\/\/irankiuzona.lt\/ru\/wp-json\/wp\/v2\/product_cat?post=242706"},{"taxonomy":"product_tag","embeddable":true,"href":"https:\/\/irankiuzona.lt\/ru\/wp-json\/wp\/v2\/product_tag?post=242706"}],"curies":[{"name":"wp","href":"https:\/\/api.w.org\/{rel}","templated":true}]}}