{"id":242772,"date":"2024-09-29T06:30:45","date_gmt":"2024-09-29T06:30:45","guid":{"rendered":"https:\/\/irankiuzona.lt\/product\/sepetys-plieninis-kuginis-kampiniam-slifuokliui-70-mm\/"},"modified":"2026-04-15T10:27:23","modified_gmt":"2026-04-15T10:27:23","slug":"sepetys-plieninis-kuginis-kampiniam-slifuokliui-70-mm","status":"publish","type":"product","link":"https:\/\/irankiuzona.lt\/ru\/product\/sepetys-plieninis-kuginis-kampiniam-slifuokliui-70-mm\/","title":{"rendered":"\u0160epetys plieninis k\u016bginis kampiniam \u0161lifuokliui 70 mm"},"content":{"rendered":"<p>Diametras: 70 mm<br \/>\nSriegis: M14<\/p>","protected":false},"excerpt":{"rendered":"<p>\u0160epetys plieninis k\u016bginis kampiniam \u0161lifuokliui 70 mm<\/p>","protected":false},"featured_media":242774,"comment_status":"open","ping_status":"open","template":"","meta":[],"product_cat":[9450],"product_tag":[9628],"class_list":{"0":"post-242772","1":"product","2":"type-product","3":"status-publish","4":"has-post-thumbnail","6":"product_brand-condor-lenkija","7":"product_cat-sepeciai-greztuvui-slif-pj-irankiui","8":"product_tag-condor-lenkija","10":"first","11":"outofstock","12":"purchasable","13":"product-type-simple"},"jetpack_sharing_enabled":true,"_links":{"self":[{"href":"https:\/\/irankiuzona.lt\/ru\/wp-json\/wp\/v2\/product\/242772","targetHints":{"allow":["GET"]}}],"collection":[{"href":"https:\/\/irankiuzona.lt\/ru\/wp-json\/wp\/v2\/product"}],"about":[{"href":"https:\/\/irankiuzona.lt\/ru\/wp-json\/wp\/v2\/types\/product"}],"replies":[{"embeddable":true,"href":"https:\/\/irankiuzona.lt\/ru\/wp-json\/wp\/v2\/comments?post=242772"}],"version-history":[{"count":1,"href":"https:\/\/irankiuzona.lt\/ru\/wp-json\/wp\/v2\/product\/242772\/revisions"}],"predecessor-version":[{"id":415703,"href":"https:\/\/irankiuzona.lt\/ru\/wp-json\/wp\/v2\/product\/242772\/revisions\/415703"}],"wp:featuredmedia":[{"embeddable":true,"href":"https:\/\/irankiuzona.lt\/ru\/wp-json\/wp\/v2\/media\/242774"}],"wp:attachment":[{"href":"https:\/\/irankiuzona.lt\/ru\/wp-json\/wp\/v2\/media?parent=242772"}],"wp:term":[{"taxonomy":"product_cat","embeddable":true,"href":"https:\/\/irankiuzona.lt\/ru\/wp-json\/wp\/v2\/product_cat?post=242772"},{"taxonomy":"product_tag","embeddable":true,"href":"https:\/\/irankiuzona.lt\/ru\/wp-json\/wp\/v2\/product_tag?post=242772"}],"curies":[{"name":"wp","href":"https:\/\/api.w.org\/{rel}","templated":true}]}}