{"id":242804,"date":"2024-09-29T06:30:48","date_gmt":"2024-09-29T06:30:48","guid":{"rendered":"https:\/\/irankiuzona.lt\/product\/graztas-betonui-sds-max-18540-mm\/"},"modified":"2026-05-09T21:32:30","modified_gmt":"2026-05-09T21:32:30","slug":"graztas-betonui-sds-max-18540-mm","status":"publish","type":"product","link":"https:\/\/irankiuzona.lt\/ru\/product\/graztas-betonui-sds-max-18540-mm\/","title":{"rendered":"Gr\u0105\u017etas betonui SDS-MAX 18*540 mm"},"content":{"rendered":"<p>Gr\u0105\u017eto diametras: 18\u00a0mm<br \/>\nBendras ilgis: 540 mm<br \/>\nTvirtinimas: SDS-MAX<br \/>\n1 vnt.<\/p>","protected":false},"excerpt":{"rendered":"<p>Gr\u0105\u017etas betonui SDS-MAX 18*540 mm<\/p>","protected":false},"featured_media":242806,"comment_status":"open","ping_status":"open","template":"","meta":[],"product_cat":[9714],"product_tag":[9628],"class_list":{"0":"post-242804","1":"product","2":"type-product","3":"status-publish","4":"has-post-thumbnail","6":"product_brand-condor-lenkija","7":"product_cat-graztai-betonui-sds-max","8":"product_tag-condor-lenkija","10":"first","11":"instock","12":"purchasable","13":"product-type-simple"},"jetpack_sharing_enabled":true,"_links":{"self":[{"href":"https:\/\/irankiuzona.lt\/ru\/wp-json\/wp\/v2\/product\/242804","targetHints":{"allow":["GET"]}}],"collection":[{"href":"https:\/\/irankiuzona.lt\/ru\/wp-json\/wp\/v2\/product"}],"about":[{"href":"https:\/\/irankiuzona.lt\/ru\/wp-json\/wp\/v2\/types\/product"}],"replies":[{"embeddable":true,"href":"https:\/\/irankiuzona.lt\/ru\/wp-json\/wp\/v2\/comments?post=242804"}],"version-history":[{"count":1,"href":"https:\/\/irankiuzona.lt\/ru\/wp-json\/wp\/v2\/product\/242804\/revisions"}],"predecessor-version":[{"id":415714,"href":"https:\/\/irankiuzona.lt\/ru\/wp-json\/wp\/v2\/product\/242804\/revisions\/415714"}],"wp:featuredmedia":[{"embeddable":true,"href":"https:\/\/irankiuzona.lt\/ru\/wp-json\/wp\/v2\/media\/242806"}],"wp:attachment":[{"href":"https:\/\/irankiuzona.lt\/ru\/wp-json\/wp\/v2\/media?parent=242804"}],"wp:term":[{"taxonomy":"product_cat","embeddable":true,"href":"https:\/\/irankiuzona.lt\/ru\/wp-json\/wp\/v2\/product_cat?post=242804"},{"taxonomy":"product_tag","embeddable":true,"href":"https:\/\/irankiuzona.lt\/ru\/wp-json\/wp\/v2\/product_tag?post=242804"}],"curies":[{"name":"wp","href":"https:\/\/api.w.org\/{rel}","templated":true}]}}