{"id":242810,"date":"2024-09-29T06:30:49","date_gmt":"2024-09-29T06:30:49","guid":{"rendered":"https:\/\/irankiuzona.lt\/product\/graztas-betonui-sds-max-18920-mm\/"},"modified":"2026-05-09T21:32:30","modified_gmt":"2026-05-09T21:32:30","slug":"graztas-betonui-sds-max-18920-mm","status":"publish","type":"product","link":"https:\/\/irankiuzona.lt\/ru\/product\/graztas-betonui-sds-max-18920-mm\/","title":{"rendered":"Gr\u0105\u017etas betonui SDS-MAX 18*920 mm"},"content":{"rendered":"<p>Gr\u0105\u017eto diametras: 18 mm<br \/>\nBendras ilgis: 920 mm<br \/>\nTvirtinimas: SDS-MAX<br \/>\n1 vnt.<\/p>","protected":false},"excerpt":{"rendered":"<p>Gr\u0105\u017etas betonui SDS-MAX 18*920 mm<\/p>","protected":false},"featured_media":242812,"comment_status":"open","ping_status":"open","template":"","meta":[],"product_cat":[9714],"product_tag":[9628],"class_list":{"0":"post-242810","1":"product","2":"type-product","3":"status-publish","4":"has-post-thumbnail","6":"product_brand-condor-lenkija","7":"product_cat-graztai-betonui-sds-max","8":"product_tag-condor-lenkija","10":"first","11":"instock","12":"purchasable","13":"product-type-simple"},"jetpack_sharing_enabled":true,"_links":{"self":[{"href":"https:\/\/irankiuzona.lt\/ru\/wp-json\/wp\/v2\/product\/242810","targetHints":{"allow":["GET"]}}],"collection":[{"href":"https:\/\/irankiuzona.lt\/ru\/wp-json\/wp\/v2\/product"}],"about":[{"href":"https:\/\/irankiuzona.lt\/ru\/wp-json\/wp\/v2\/types\/product"}],"replies":[{"embeddable":true,"href":"https:\/\/irankiuzona.lt\/ru\/wp-json\/wp\/v2\/comments?post=242810"}],"version-history":[{"count":1,"href":"https:\/\/irankiuzona.lt\/ru\/wp-json\/wp\/v2\/product\/242810\/revisions"}],"predecessor-version":[{"id":415716,"href":"https:\/\/irankiuzona.lt\/ru\/wp-json\/wp\/v2\/product\/242810\/revisions\/415716"}],"wp:featuredmedia":[{"embeddable":true,"href":"https:\/\/irankiuzona.lt\/ru\/wp-json\/wp\/v2\/media\/242812"}],"wp:attachment":[{"href":"https:\/\/irankiuzona.lt\/ru\/wp-json\/wp\/v2\/media?parent=242810"}],"wp:term":[{"taxonomy":"product_cat","embeddable":true,"href":"https:\/\/irankiuzona.lt\/ru\/wp-json\/wp\/v2\/product_cat?post=242810"},{"taxonomy":"product_tag","embeddable":true,"href":"https:\/\/irankiuzona.lt\/ru\/wp-json\/wp\/v2\/product_tag?post=242810"}],"curies":[{"name":"wp","href":"https:\/\/api.w.org\/{rel}","templated":true}]}}