{"id":242831,"date":"2024-09-29T06:30:50","date_gmt":"2024-09-29T06:30:50","guid":{"rendered":"https:\/\/irankiuzona.lt\/product\/graztas-betonui-sds-max-25340-mm\/"},"modified":"2026-05-09T21:32:31","modified_gmt":"2026-05-09T21:32:31","slug":"graztas-betonui-sds-max-25340-mm","status":"publish","type":"product","link":"https:\/\/irankiuzona.lt\/ru\/product\/graztas-betonui-sds-max-25340-mm\/","title":{"rendered":"Gr\u0105\u017etas betonui SDS-MAX 25*340 mm"},"content":{"rendered":"<p>Gr\u0105\u017eto diametras: 25 mm<br \/>\nBendras ilgis: 340 mm<br \/>\nTvirtinimas: SDS-MAX<br \/>\n1 vnt.<\/p>","protected":false},"excerpt":{"rendered":"<p>Gr\u0105\u017etas betonui SDS-MAX 25*340 mm<\/p>","protected":false},"featured_media":242833,"comment_status":"open","ping_status":"open","template":"","meta":[],"product_cat":[9714],"product_tag":[9628],"class_list":{"0":"post-242831","1":"product","2":"type-product","3":"status-publish","4":"has-post-thumbnail","6":"product_brand-condor-lenkija","7":"product_cat-graztai-betonui-sds-max","8":"product_tag-condor-lenkija","10":"first","11":"instock","12":"purchasable","13":"product-type-simple"},"jetpack_sharing_enabled":true,"_links":{"self":[{"href":"https:\/\/irankiuzona.lt\/ru\/wp-json\/wp\/v2\/product\/242831","targetHints":{"allow":["GET"]}}],"collection":[{"href":"https:\/\/irankiuzona.lt\/ru\/wp-json\/wp\/v2\/product"}],"about":[{"href":"https:\/\/irankiuzona.lt\/ru\/wp-json\/wp\/v2\/types\/product"}],"replies":[{"embeddable":true,"href":"https:\/\/irankiuzona.lt\/ru\/wp-json\/wp\/v2\/comments?post=242831"}],"version-history":[{"count":1,"href":"https:\/\/irankiuzona.lt\/ru\/wp-json\/wp\/v2\/product\/242831\/revisions"}],"predecessor-version":[{"id":415723,"href":"https:\/\/irankiuzona.lt\/ru\/wp-json\/wp\/v2\/product\/242831\/revisions\/415723"}],"wp:featuredmedia":[{"embeddable":true,"href":"https:\/\/irankiuzona.lt\/ru\/wp-json\/wp\/v2\/media\/242833"}],"wp:attachment":[{"href":"https:\/\/irankiuzona.lt\/ru\/wp-json\/wp\/v2\/media?parent=242831"}],"wp:term":[{"taxonomy":"product_cat","embeddable":true,"href":"https:\/\/irankiuzona.lt\/ru\/wp-json\/wp\/v2\/product_cat?post=242831"},{"taxonomy":"product_tag","embeddable":true,"href":"https:\/\/irankiuzona.lt\/ru\/wp-json\/wp\/v2\/product_tag?post=242831"}],"curies":[{"name":"wp","href":"https:\/\/api.w.org\/{rel}","templated":true}]}}