{"id":242891,"date":"2024-09-29T06:30:57","date_gmt":"2024-09-29T06:30:57","guid":{"rendered":"https:\/\/irankiuzona.lt\/product\/sraigtinis-polis-terasoms-73mm-x-3mm-x-1600mm\/"},"modified":"2026-04-18T00:08:09","modified_gmt":"2026-04-18T00:08:09","slug":"sraigtinis-polis-terasoms-73mm-x-3mm-x-1600mm","status":"publish","type":"product","link":"https:\/\/irankiuzona.lt\/ru\/product\/sraigtinis-polis-terasoms-73mm-x-3mm-x-1600mm\/","title":{"rendered":"Sraigtinis polis terasoms \/ 73mm x 3mm x 1600mm"},"content":{"rendered":"<p>Matmenys:\u00a073 x 3 x 1600 mm<\/p>","protected":false},"excerpt":{"rendered":"<p>Gr\u0105\u017etas \u017eem\u0117s saul\u0117s baterijai 73*3*1600 mm<\/p>","protected":false},"featured_media":242893,"comment_status":"open","ping_status":"open","template":"","meta":[],"product_cat":[10019],"product_tag":[9646],"class_list":{"0":"post-242891","1":"product","2":"type-product","3":"status-publish","4":"has-post-thumbnail","6":"product_brand-drel-lenkija","7":"product_cat-kiti-graztai-rankiniai-greztuvai","8":"product_tag-drel-lenkija","10":"first","11":"outofstock","12":"purchasable","13":"product-type-simple"},"jetpack_sharing_enabled":true,"_links":{"self":[{"href":"https:\/\/irankiuzona.lt\/ru\/wp-json\/wp\/v2\/product\/242891","targetHints":{"allow":["GET"]}}],"collection":[{"href":"https:\/\/irankiuzona.lt\/ru\/wp-json\/wp\/v2\/product"}],"about":[{"href":"https:\/\/irankiuzona.lt\/ru\/wp-json\/wp\/v2\/types\/product"}],"replies":[{"embeddable":true,"href":"https:\/\/irankiuzona.lt\/ru\/wp-json\/wp\/v2\/comments?post=242891"}],"version-history":[{"count":1,"href":"https:\/\/irankiuzona.lt\/ru\/wp-json\/wp\/v2\/product\/242891\/revisions"}],"predecessor-version":[{"id":415741,"href":"https:\/\/irankiuzona.lt\/ru\/wp-json\/wp\/v2\/product\/242891\/revisions\/415741"}],"wp:featuredmedia":[{"embeddable":true,"href":"https:\/\/irankiuzona.lt\/ru\/wp-json\/wp\/v2\/media\/242893"}],"wp:attachment":[{"href":"https:\/\/irankiuzona.lt\/ru\/wp-json\/wp\/v2\/media?parent=242891"}],"wp:term":[{"taxonomy":"product_cat","embeddable":true,"href":"https:\/\/irankiuzona.lt\/ru\/wp-json\/wp\/v2\/product_cat?post=242891"},{"taxonomy":"product_tag","embeddable":true,"href":"https:\/\/irankiuzona.lt\/ru\/wp-json\/wp\/v2\/product_tag?post=242891"}],"curies":[{"name":"wp","href":"https:\/\/api.w.org\/{rel}","templated":true}]}}