{"id":243005,"date":"2024-09-29T06:40:07","date_gmt":"2024-09-29T06:40:07","guid":{"rendered":"https:\/\/irankiuzona.lt\/product\/spec-reples-kuro-zarnelems-vag\/"},"modified":"2026-05-16T01:13:04","modified_gmt":"2026-05-16T01:13:04","slug":"spec-reples-kuro-zarnelems-vag","status":"publish","type":"product","link":"https:\/\/irankiuzona.lt\/ru\/product\/spec-reples-kuro-zarnelems-vag\/","title":{"rendered":"Spec.repl\u0117s kuro \u017earnel\u0117ms VAG"},"content":{"rendered":"<p>Designed for squeezing the plastic plugs in sockets of fuel filters, vehicles of VW group. Total length 200 mm.<\/p>","protected":false},"excerpt":{"rendered":"<p>Spec repl\u0117s kuro filtro \u017earneli\u0173 sujungimams \/ Volkswagen<\/p>","protected":false},"featured_media":243007,"comment_status":"open","ping_status":"open","template":"","meta":[],"product_cat":[9672],"product_tag":[9778],"class_list":{"0":"post-243005","1":"product","2":"type-product","3":"status-publish","4":"has-post-thumbnail","6":"product_brand-triumf-professional-tools-slovakija","7":"product_cat-reples-zarnelems","8":"product_tag-triumf-professional-tools-slovakija","10":"first","11":"instock","12":"purchasable","13":"product-type-simple"},"jetpack_sharing_enabled":true,"_links":{"self":[{"href":"https:\/\/irankiuzona.lt\/ru\/wp-json\/wp\/v2\/product\/243005","targetHints":{"allow":["GET"]}}],"collection":[{"href":"https:\/\/irankiuzona.lt\/ru\/wp-json\/wp\/v2\/product"}],"about":[{"href":"https:\/\/irankiuzona.lt\/ru\/wp-json\/wp\/v2\/types\/product"}],"replies":[{"embeddable":true,"href":"https:\/\/irankiuzona.lt\/ru\/wp-json\/wp\/v2\/comments?post=243005"}],"version-history":[{"count":1,"href":"https:\/\/irankiuzona.lt\/ru\/wp-json\/wp\/v2\/product\/243005\/revisions"}],"predecessor-version":[{"id":415775,"href":"https:\/\/irankiuzona.lt\/ru\/wp-json\/wp\/v2\/product\/243005\/revisions\/415775"}],"wp:featuredmedia":[{"embeddable":true,"href":"https:\/\/irankiuzona.lt\/ru\/wp-json\/wp\/v2\/media\/243007"}],"wp:attachment":[{"href":"https:\/\/irankiuzona.lt\/ru\/wp-json\/wp\/v2\/media?parent=243005"}],"wp:term":[{"taxonomy":"product_cat","embeddable":true,"href":"https:\/\/irankiuzona.lt\/ru\/wp-json\/wp\/v2\/product_cat?post=243005"},{"taxonomy":"product_tag","embeddable":true,"href":"https:\/\/irankiuzona.lt\/ru\/wp-json\/wp\/v2\/product_tag?post=243005"}],"curies":[{"name":"wp","href":"https:\/\/api.w.org\/{rel}","templated":true}]}}