{"id":243008,"date":"2024-09-29T06:40:07","date_gmt":"2024-09-29T06:40:07","guid":{"rendered":"https:\/\/irankiuzona.lt\/product\/smuginis-atsuktuvas-slapukams-del-tr4337\/"},"modified":"2026-03-27T13:33:32","modified_gmt":"2026-03-27T13:33:32","slug":"smuginis-atsuktuvas-slapukams-del-tr4337","status":"publish","type":"product","link":"https:\/\/irankiuzona.lt\/ru\/product\/smuginis-atsuktuvas-slapukams-del-tr4337\/","title":{"rendered":"Sm\u016bginis atsuktuvas slapukams, d\u0117l TR4337"},"content":{"rendered":"<p>Atsargin\u0117 dalis i\u0161 komplekto TR4337<\/p>","protected":false},"excerpt":{"rendered":"<p>Sm\u016bginis atsuktuvas slapukams, d\u0117l TR4337\u00a0<\/p>","protected":false},"featured_media":243010,"comment_status":"open","ping_status":"open","template":"","meta":[],"product_cat":[9797],"product_tag":[9778],"class_list":{"0":"post-243008","1":"product","2":"type-product","3":"status-publish","4":"has-post-thumbnail","6":"product_brand-triumf-professional-tools-slovakija","7":"product_cat-irankiai-ratu-slapukams-atsukti","8":"product_tag-triumf-professional-tools-slovakija","10":"first","11":"outofstock","12":"purchasable","13":"product-type-simple"},"jetpack_sharing_enabled":true,"_links":{"self":[{"href":"https:\/\/irankiuzona.lt\/ru\/wp-json\/wp\/v2\/product\/243008","targetHints":{"allow":["GET"]}}],"collection":[{"href":"https:\/\/irankiuzona.lt\/ru\/wp-json\/wp\/v2\/product"}],"about":[{"href":"https:\/\/irankiuzona.lt\/ru\/wp-json\/wp\/v2\/types\/product"}],"replies":[{"embeddable":true,"href":"https:\/\/irankiuzona.lt\/ru\/wp-json\/wp\/v2\/comments?post=243008"}],"version-history":[{"count":1,"href":"https:\/\/irankiuzona.lt\/ru\/wp-json\/wp\/v2\/product\/243008\/revisions"}],"predecessor-version":[{"id":415776,"href":"https:\/\/irankiuzona.lt\/ru\/wp-json\/wp\/v2\/product\/243008\/revisions\/415776"}],"wp:featuredmedia":[{"embeddable":true,"href":"https:\/\/irankiuzona.lt\/ru\/wp-json\/wp\/v2\/media\/243010"}],"wp:attachment":[{"href":"https:\/\/irankiuzona.lt\/ru\/wp-json\/wp\/v2\/media?parent=243008"}],"wp:term":[{"taxonomy":"product_cat","embeddable":true,"href":"https:\/\/irankiuzona.lt\/ru\/wp-json\/wp\/v2\/product_cat?post=243008"},{"taxonomy":"product_tag","embeddable":true,"href":"https:\/\/irankiuzona.lt\/ru\/wp-json\/wp\/v2\/product_tag?post=243008"}],"curies":[{"name":"wp","href":"https:\/\/api.w.org\/{rel}","templated":true}]}}