{"id":243332,"date":"2024-09-29T06:40:15","date_gmt":"2024-09-29T06:40:15","guid":{"rendered":"https:\/\/irankiuzona.lt\/product\/dilde-medziui-200mm-pusapvale\/"},"modified":"2026-05-06T21:37:48","modified_gmt":"2026-05-06T21:37:48","slug":"dilde-medziui-200mm-pusapvale","status":"publish","type":"product","link":"https:\/\/irankiuzona.lt\/ru\/product\/dilde-medziui-200mm-pusapvale\/","title":{"rendered":"Dild\u0117 med\u017eiui 200mm pusapval\u0117"},"content":{"rendered":"","protected":false},"excerpt":{"rendered":"<p>Dild\u0117 med\u017eiui pusapval\u0117 200mm<\/p>","protected":false},"featured_media":243334,"comment_status":"open","ping_status":"open","template":"","meta":[],"product_cat":[9917],"product_tag":[10029],"class_list":{"0":"post-243332","1":"product","2":"type-product","3":"status-publish","4":"has-post-thumbnail","6":"product_brand-hoteche-quality-tools","7":"product_cat-medzio-dildes","8":"product_tag-hoteche-quality-tools","10":"first","11":"instock","12":"purchasable","13":"product-type-simple"},"jetpack_sharing_enabled":true,"_links":{"self":[{"href":"https:\/\/irankiuzona.lt\/ru\/wp-json\/wp\/v2\/product\/243332","targetHints":{"allow":["GET"]}}],"collection":[{"href":"https:\/\/irankiuzona.lt\/ru\/wp-json\/wp\/v2\/product"}],"about":[{"href":"https:\/\/irankiuzona.lt\/ru\/wp-json\/wp\/v2\/types\/product"}],"replies":[{"embeddable":true,"href":"https:\/\/irankiuzona.lt\/ru\/wp-json\/wp\/v2\/comments?post=243332"}],"version-history":[{"count":1,"href":"https:\/\/irankiuzona.lt\/ru\/wp-json\/wp\/v2\/product\/243332\/revisions"}],"predecessor-version":[{"id":415797,"href":"https:\/\/irankiuzona.lt\/ru\/wp-json\/wp\/v2\/product\/243332\/revisions\/415797"}],"wp:featuredmedia":[{"embeddable":true,"href":"https:\/\/irankiuzona.lt\/ru\/wp-json\/wp\/v2\/media\/243334"}],"wp:attachment":[{"href":"https:\/\/irankiuzona.lt\/ru\/wp-json\/wp\/v2\/media?parent=243332"}],"wp:term":[{"taxonomy":"product_cat","embeddable":true,"href":"https:\/\/irankiuzona.lt\/ru\/wp-json\/wp\/v2\/product_cat?post=243332"},{"taxonomy":"product_tag","embeddable":true,"href":"https:\/\/irankiuzona.lt\/ru\/wp-json\/wp\/v2\/product_tag?post=243332"}],"curies":[{"name":"wp","href":"https:\/\/api.w.org\/{rel}","templated":true}]}}