{"id":243371,"date":"2024-09-29T06:40:18","date_gmt":"2024-09-29T06:40:18","guid":{"rendered":"https:\/\/irankiuzona.lt\/product\/lenktu-kilpiniu-raktu-komplektas-20-32mm-su-deklu-vezimeliui\/"},"modified":"2026-04-12T02:39:15","modified_gmt":"2026-04-12T02:39:15","slug":"lenktu-kilpiniu-raktu-komplektas-20-32mm-su-deklu-vezimeliui","status":"publish","type":"product","link":"https:\/\/irankiuzona.lt\/ru\/product\/lenktu-kilpiniu-raktu-komplektas-20-32mm-su-deklu-vezimeliui\/","title":{"rendered":"Lenkt\u0173, kilpini\u0173 rakt\u0173 komplektas (20-32mm) \/ su d\u0117klu ve\u017eim\u0117liui"},"content":{"rendered":"<p>D\u0117klo dydis &#8211; 18 x 39,5 mmKomplekte: 20&#215;22 &#8211; 21&#215;23 &#8211; 24&#215;27 &#8211; 30&#215;32 mm<\/p>","protected":false},"excerpt":{"rendered":"<p>Lenkt\u0173, kilpini\u0173 rakt\u0173 komplektas su \u012fd\u0117klu \u012f ve\u017eim\u0117l\u012f \/ 20-32 mm<\/p>","protected":false},"featured_media":243373,"comment_status":"open","ping_status":"open","template":"","meta":[],"product_cat":[9870],"product_tag":[9969],"class_list":{"0":"post-243371","1":"product","2":"type-product","3":"status-publish","4":"has-post-thumbnail","6":"product_brand-hogert-technik-vokietija","7":"product_cat-deklai-i-vezimus-su-irankiais-ir-tusti","8":"product_tag-hogert-technik-vokietija","10":"first","11":"instock","12":"purchasable","13":"product-type-simple"},"jetpack_sharing_enabled":true,"_links":{"self":[{"href":"https:\/\/irankiuzona.lt\/ru\/wp-json\/wp\/v2\/product\/243371","targetHints":{"allow":["GET"]}}],"collection":[{"href":"https:\/\/irankiuzona.lt\/ru\/wp-json\/wp\/v2\/product"}],"about":[{"href":"https:\/\/irankiuzona.lt\/ru\/wp-json\/wp\/v2\/types\/product"}],"replies":[{"embeddable":true,"href":"https:\/\/irankiuzona.lt\/ru\/wp-json\/wp\/v2\/comments?post=243371"}],"version-history":[{"count":1,"href":"https:\/\/irankiuzona.lt\/ru\/wp-json\/wp\/v2\/product\/243371\/revisions"}],"predecessor-version":[{"id":415804,"href":"https:\/\/irankiuzona.lt\/ru\/wp-json\/wp\/v2\/product\/243371\/revisions\/415804"}],"wp:featuredmedia":[{"embeddable":true,"href":"https:\/\/irankiuzona.lt\/ru\/wp-json\/wp\/v2\/media\/243373"}],"wp:attachment":[{"href":"https:\/\/irankiuzona.lt\/ru\/wp-json\/wp\/v2\/media?parent=243371"}],"wp:term":[{"taxonomy":"product_cat","embeddable":true,"href":"https:\/\/irankiuzona.lt\/ru\/wp-json\/wp\/v2\/product_cat?post=243371"},{"taxonomy":"product_tag","embeddable":true,"href":"https:\/\/irankiuzona.lt\/ru\/wp-json\/wp\/v2\/product_tag?post=243371"}],"curies":[{"name":"wp","href":"https:\/\/api.w.org\/{rel}","templated":true}]}}