{"id":243374,"date":"2024-09-29T06:40:18","date_gmt":"2024-09-29T06:40:18","guid":{"rendered":"https:\/\/irankiuzona.lt\/product\/antgaliu-komplektas-torx-hex-spline-su-deklu-vezimeliui\/"},"modified":"2026-04-14T23:03:50","modified_gmt":"2026-04-14T23:03:50","slug":"antgaliu-komplektas-torx-hex-spline-su-deklu-vezimeliui","status":"publish","type":"product","link":"https:\/\/irankiuzona.lt\/ru\/product\/antgaliu-komplektas-torx-hex-spline-su-deklu-vezimeliui\/","title":{"rendered":"Antgali\u0173 komplektas (TORX, HEX, SPLINE) su d\u0117klu ve\u017eim\u0117liui"},"content":{"rendered":"<p>Antgaliuk\u0173 (10mm)\u00a0 komplektas 40dali\u0173\u012ed\u0117klo i\u0161matavimai(plotis\/ilgis\/auk\u0161tis) 183x395x23mm<br \/>\nIlgi antgaliukai 75mm Trumpi antgaliukai 30mmTORX:T20;T25;T30;T40;T45;T50;T55SPLINE: M5;M6;M8;M10;M12HEX: H4;H5;H6;H7;H8;H10;H12Antgaliuk\u0173 laikiklis 3\/8(10mm) ir 1\/2(12,50mm)<\/p>","protected":false},"excerpt":{"rendered":"<p>Antgali\u0173 komplektas (TORX, HEX, SPLINE) su d\u0117klu ve\u017eim\u0117liui<\/p>","protected":false},"featured_media":243376,"comment_status":"open","ping_status":"open","template":"","meta":[],"product_cat":[9870],"product_tag":[9969],"class_list":{"0":"post-243374","1":"product","2":"type-product","3":"status-publish","4":"has-post-thumbnail","6":"product_brand-hogert-technik-vokietija","7":"product_cat-deklai-i-vezimus-su-irankiais-ir-tusti","8":"product_tag-hogert-technik-vokietija","10":"first","11":"instock","12":"purchasable","13":"product-type-simple"},"jetpack_sharing_enabled":true,"_links":{"self":[{"href":"https:\/\/irankiuzona.lt\/ru\/wp-json\/wp\/v2\/product\/243374","targetHints":{"allow":["GET"]}}],"collection":[{"href":"https:\/\/irankiuzona.lt\/ru\/wp-json\/wp\/v2\/product"}],"about":[{"href":"https:\/\/irankiuzona.lt\/ru\/wp-json\/wp\/v2\/types\/product"}],"replies":[{"embeddable":true,"href":"https:\/\/irankiuzona.lt\/ru\/wp-json\/wp\/v2\/comments?post=243374"}],"version-history":[{"count":1,"href":"https:\/\/irankiuzona.lt\/ru\/wp-json\/wp\/v2\/product\/243374\/revisions"}],"predecessor-version":[{"id":415805,"href":"https:\/\/irankiuzona.lt\/ru\/wp-json\/wp\/v2\/product\/243374\/revisions\/415805"}],"wp:featuredmedia":[{"embeddable":true,"href":"https:\/\/irankiuzona.lt\/ru\/wp-json\/wp\/v2\/media\/243376"}],"wp:attachment":[{"href":"https:\/\/irankiuzona.lt\/ru\/wp-json\/wp\/v2\/media?parent=243374"}],"wp:term":[{"taxonomy":"product_cat","embeddable":true,"href":"https:\/\/irankiuzona.lt\/ru\/wp-json\/wp\/v2\/product_cat?post=243374"},{"taxonomy":"product_tag","embeddable":true,"href":"https:\/\/irankiuzona.lt\/ru\/wp-json\/wp\/v2\/product_tag?post=243374"}],"curies":[{"name":"wp","href":"https:\/\/api.w.org\/{rel}","templated":true}]}}