{"id":243437,"date":"2024-09-29T06:40:23","date_gmt":"2024-09-29T06:40:23","guid":{"rendered":"https:\/\/irankiuzona.lt\/product\/rieboksliu-nuemiklis-lankstus\/"},"modified":"2026-04-14T14:14:24","modified_gmt":"2026-04-14T14:14:24","slug":"rieboksliu-nuemiklis-lankstus","status":"publish","type":"product","link":"https:\/\/irankiuzona.lt\/ru\/product\/rieboksliu-nuemiklis-lankstus\/","title":{"rendered":"Riebok\u0161li\u0173 nu\u0117miklis, lankstus"},"content":{"rendered":"<p>Seal Puller Hook, flexible two-sided tip flexible two-sided tip, lockable up to 45\u00b0<\/p>","protected":false},"excerpt":{"rendered":"<p>Riebok\u0161li\u0173 nu\u0117miklis, lankstus<\/p>","protected":false},"featured_media":243439,"comment_status":"open","ping_status":"open","template":"","meta":[],"product_cat":[9730],"product_tag":[9462],"class_list":{"0":"post-243437","1":"product","2":"type-product","3":"status-publish","4":"has-post-thumbnail","6":"product_brand-condor-werkzeug-vokietija","7":"product_cat-irankiai-rieboksliams","8":"product_tag-condor-werkzeug-vokietija","10":"first","11":"instock","12":"purchasable","13":"product-type-simple"},"jetpack_sharing_enabled":true,"_links":{"self":[{"href":"https:\/\/irankiuzona.lt\/ru\/wp-json\/wp\/v2\/product\/243437","targetHints":{"allow":["GET"]}}],"collection":[{"href":"https:\/\/irankiuzona.lt\/ru\/wp-json\/wp\/v2\/product"}],"about":[{"href":"https:\/\/irankiuzona.lt\/ru\/wp-json\/wp\/v2\/types\/product"}],"replies":[{"embeddable":true,"href":"https:\/\/irankiuzona.lt\/ru\/wp-json\/wp\/v2\/comments?post=243437"}],"version-history":[{"count":1,"href":"https:\/\/irankiuzona.lt\/ru\/wp-json\/wp\/v2\/product\/243437\/revisions"}],"predecessor-version":[{"id":415825,"href":"https:\/\/irankiuzona.lt\/ru\/wp-json\/wp\/v2\/product\/243437\/revisions\/415825"}],"wp:featuredmedia":[{"embeddable":true,"href":"https:\/\/irankiuzona.lt\/ru\/wp-json\/wp\/v2\/media\/243439"}],"wp:attachment":[{"href":"https:\/\/irankiuzona.lt\/ru\/wp-json\/wp\/v2\/media?parent=243437"}],"wp:term":[{"taxonomy":"product_cat","embeddable":true,"href":"https:\/\/irankiuzona.lt\/ru\/wp-json\/wp\/v2\/product_cat?post=243437"},{"taxonomy":"product_tag","embeddable":true,"href":"https:\/\/irankiuzona.lt\/ru\/wp-json\/wp\/v2\/product_tag?post=243437"}],"curies":[{"name":"wp","href":"https:\/\/api.w.org\/{rel}","templated":true}]}}