{"id":243548,"date":"2024-09-29T06:40:35","date_gmt":"2024-09-29T06:40:35","guid":{"rendered":"https:\/\/irankiuzona.lt\/product\/magnetine-1-2-galvute-17mm-ratams-su-apsauga\/"},"modified":"2026-05-14T16:04:12","modified_gmt":"2026-05-14T16:04:12","slug":"magnetine-1-2-galvute-17mm-ratams-su-apsauga","status":"publish","type":"product","link":"https:\/\/irankiuzona.lt\/ru\/product\/magnetine-1-2-galvute-17mm-ratams-su-apsauga\/","title":{"rendered":"Magnetin\u0117 1\/2 galvut\u0117 17mm ratams su apsauga"},"content":{"rendered":"<p>Lietiems ratlankiams &#8211; galvut\u0117 17mm su plastikine apsauga.Dydis &#8211; 17mmLizdas &#8211; 1\/2Ilgis &#8211; 85mmWheel Nut Socket, 1\/2&#8243;, magnetic, hex 17 mm<\/p>\n<p>internal and external nylon coat prevents damage to wheels, nuts and car paint<br \/>\nspring-loaded &#8211; releases nut from socket<br \/>\nwith magnet &#8211; secures nut from falling down<\/p>","protected":false},"excerpt":{"rendered":"<p>Magnetin\u0117 1\/2 galvut\u0117 17mm rat\u0173 var\u017etams su apsauga \/ Cr-Mo<\/p>","protected":false},"featured_media":243550,"comment_status":"open","ping_status":"closed","template":"","meta":[],"product_cat":[9492],"product_tag":[9462],"class_list":{"0":"post-243548","1":"product","2":"type-product","3":"status-publish","4":"has-post-thumbnail","6":"product_brand-condor-werkzeug-vokietija","7":"product_cat-ratu-varztams-galvutes-raktai-sepeciai","8":"product_tag-condor-werkzeug-vokietija","10":"first","11":"instock","12":"purchasable","13":"product-type-simple"},"jetpack_sharing_enabled":true,"_links":{"self":[{"href":"https:\/\/irankiuzona.lt\/ru\/wp-json\/wp\/v2\/product\/243548","targetHints":{"allow":["GET"]}}],"collection":[{"href":"https:\/\/irankiuzona.lt\/ru\/wp-json\/wp\/v2\/product"}],"about":[{"href":"https:\/\/irankiuzona.lt\/ru\/wp-json\/wp\/v2\/types\/product"}],"replies":[{"embeddable":true,"href":"https:\/\/irankiuzona.lt\/ru\/wp-json\/wp\/v2\/comments?post=243548"}],"version-history":[{"count":1,"href":"https:\/\/irankiuzona.lt\/ru\/wp-json\/wp\/v2\/product\/243548\/revisions"}],"predecessor-version":[{"id":415862,"href":"https:\/\/irankiuzona.lt\/ru\/wp-json\/wp\/v2\/product\/243548\/revisions\/415862"}],"wp:featuredmedia":[{"embeddable":true,"href":"https:\/\/irankiuzona.lt\/ru\/wp-json\/wp\/v2\/media\/243550"}],"wp:attachment":[{"href":"https:\/\/irankiuzona.lt\/ru\/wp-json\/wp\/v2\/media?parent=243548"}],"wp:term":[{"taxonomy":"product_cat","embeddable":true,"href":"https:\/\/irankiuzona.lt\/ru\/wp-json\/wp\/v2\/product_cat?post=243548"},{"taxonomy":"product_tag","embeddable":true,"href":"https:\/\/irankiuzona.lt\/ru\/wp-json\/wp\/v2\/product_tag?post=243548"}],"curies":[{"name":"wp","href":"https:\/\/api.w.org\/{rel}","templated":true}]}}