{"id":243569,"date":"2024-09-29T06:40:37","date_gmt":"2024-09-29T06:40:37","guid":{"rendered":"https:\/\/irankiuzona.lt\/product\/reples-soninio-kandimo-znyples-120mm\/"},"modified":"2026-02-18T13:00:43","modified_gmt":"2026-02-18T13:00:43","slug":"reples-soninio-kandimo-znyples-120mm","status":"publish","type":"product","link":"https:\/\/irankiuzona.lt\/ru\/product\/reples-soninio-kandimo-znyples-120mm\/","title":{"rendered":"Repl\u0117s \u0161oninio kandimo, \u017enypl\u0117s 120mm"},"content":{"rendered":"<p>with spring, chrome-vanadium-steel<\/p>","protected":false},"excerpt":{"rendered":"<p>Repl\u0117s \u0161oninio kandimo MINI, \u017enypl\u0117s 145mm<\/p>","protected":false},"featured_media":243571,"comment_status":"open","ping_status":"open","template":"","meta":[],"product_cat":[9985],"product_tag":[9462],"class_list":{"0":"post-243569","1":"product","2":"type-product","3":"status-publish","4":"has-post-thumbnail","6":"product_brand-condor-werkzeug-vokietija","7":"product_cat-reples-precizines-mini","8":"product_tag-condor-werkzeug-vokietija","10":"first","11":"outofstock","12":"purchasable","13":"product-type-simple"},"jetpack_sharing_enabled":true,"_links":{"self":[{"href":"https:\/\/irankiuzona.lt\/ru\/wp-json\/wp\/v2\/product\/243569","targetHints":{"allow":["GET"]}}],"collection":[{"href":"https:\/\/irankiuzona.lt\/ru\/wp-json\/wp\/v2\/product"}],"about":[{"href":"https:\/\/irankiuzona.lt\/ru\/wp-json\/wp\/v2\/types\/product"}],"replies":[{"embeddable":true,"href":"https:\/\/irankiuzona.lt\/ru\/wp-json\/wp\/v2\/comments?post=243569"}],"version-history":[{"count":1,"href":"https:\/\/irankiuzona.lt\/ru\/wp-json\/wp\/v2\/product\/243569\/revisions"}],"predecessor-version":[{"id":415869,"href":"https:\/\/irankiuzona.lt\/ru\/wp-json\/wp\/v2\/product\/243569\/revisions\/415869"}],"wp:featuredmedia":[{"embeddable":true,"href":"https:\/\/irankiuzona.lt\/ru\/wp-json\/wp\/v2\/media\/243571"}],"wp:attachment":[{"href":"https:\/\/irankiuzona.lt\/ru\/wp-json\/wp\/v2\/media?parent=243569"}],"wp:term":[{"taxonomy":"product_cat","embeddable":true,"href":"https:\/\/irankiuzona.lt\/ru\/wp-json\/wp\/v2\/product_cat?post=243569"},{"taxonomy":"product_tag","embeddable":true,"href":"https:\/\/irankiuzona.lt\/ru\/wp-json\/wp\/v2\/product_tag?post=243569"}],"curies":[{"name":"wp","href":"https:\/\/api.w.org\/{rel}","templated":true}]}}