{"id":243575,"date":"2024-09-29T06:40:37","date_gmt":"2024-09-29T06:40:37","guid":{"rendered":"https:\/\/irankiuzona.lt\/product\/variklio-tepalo-uzpildymo-komplektas-su-adapteriais\/"},"modified":"2026-04-15T02:11:49","modified_gmt":"2026-04-15T02:11:49","slug":"variklio-tepalo-uzpildymo-komplektas-su-adapteriais","status":"publish","type":"product","link":"https:\/\/irankiuzona.lt\/ru\/product\/variklio-tepalo-uzpildymo-komplektas-su-adapteriais\/","title":{"rendered":"Variklio tepalo u\u017epildymo komplektas su adapteriais"},"content":{"rendered":"<p>Itin \u0161variam, tiksliam ir kokybi\u0161kam darbui! Tepalo u\u017epildymui skirti adapteriai su piltuvu.<\/p>\n<p>for clean and time-saving filling of engine oil<br \/>\nperfect sealing between adapter and engine oil spout<br \/>\navoids oil dripping down the exhaust manifold or engine block<br \/>\nideal for difficult engines, e.g. VW<br \/>\nlarge funnel with 2L volume for high time-saving<br \/>\nincludes double-angled extension for hard to reach spouts, e.g. Ford Galaxy, VW Sharan and Seat Alhambra<\/p>\n<p>AUDI, BMW, DODGE, FORD, HONDA, JAGUAR, LEXUS, MAZDA, MERCEDES, NISSAN, PORSCHE, SEAT, SKODA, TOYOTA, VOLKSWAGEN, VOLVO<\/p>","protected":false},"excerpt":{"rendered":"<p>Variklio tepalo u\u017epildymo komplektas su adapteriais \/ 8 dali\u0173<\/p>","protected":false},"featured_media":243577,"comment_status":"open","ping_status":"open","template":"","meta":[],"product_cat":[10031],"product_tag":[9462],"class_list":{"0":"post-243575","1":"product","2":"type-product","3":"status-publish","4":"has-post-thumbnail","6":"product_brand-condor-werkzeug-vokietija","7":"product_cat-tepalo-uzpildymo-surinkimo-iranga-talpos-tepalams","8":"product_tag-condor-werkzeug-vokietija","10":"first","11":"outofstock","12":"purchasable","13":"product-type-simple"},"jetpack_sharing_enabled":true,"_links":{"self":[{"href":"https:\/\/irankiuzona.lt\/ru\/wp-json\/wp\/v2\/product\/243575","targetHints":{"allow":["GET"]}}],"collection":[{"href":"https:\/\/irankiuzona.lt\/ru\/wp-json\/wp\/v2\/product"}],"about":[{"href":"https:\/\/irankiuzona.lt\/ru\/wp-json\/wp\/v2\/types\/product"}],"replies":[{"embeddable":true,"href":"https:\/\/irankiuzona.lt\/ru\/wp-json\/wp\/v2\/comments?post=243575"}],"version-history":[{"count":1,"href":"https:\/\/irankiuzona.lt\/ru\/wp-json\/wp\/v2\/product\/243575\/revisions"}],"predecessor-version":[{"id":415871,"href":"https:\/\/irankiuzona.lt\/ru\/wp-json\/wp\/v2\/product\/243575\/revisions\/415871"}],"wp:featuredmedia":[{"embeddable":true,"href":"https:\/\/irankiuzona.lt\/ru\/wp-json\/wp\/v2\/media\/243577"}],"wp:attachment":[{"href":"https:\/\/irankiuzona.lt\/ru\/wp-json\/wp\/v2\/media?parent=243575"}],"wp:term":[{"taxonomy":"product_cat","embeddable":true,"href":"https:\/\/irankiuzona.lt\/ru\/wp-json\/wp\/v2\/product_cat?post=243575"},{"taxonomy":"product_tag","embeddable":true,"href":"https:\/\/irankiuzona.lt\/ru\/wp-json\/wp\/v2\/product_tag?post=243575"}],"curies":[{"name":"wp","href":"https:\/\/api.w.org\/{rel}","templated":true}]}}