{"id":243652,"date":"2024-09-29T06:40:46","date_gmt":"2024-09-29T06:40:46","guid":{"rendered":"https:\/\/irankiuzona.lt\/product\/kuro-magistraliu-sandarinimo-kistuku-komplektas\/"},"modified":"2026-04-21T18:34:32","modified_gmt":"2026-04-21T18:34:32","slug":"kuro-magistraliu-sandarinimo-kistuku-komplektas","status":"publish","type":"product","link":"https:\/\/irankiuzona.lt\/ru\/product\/kuro-magistraliu-sandarinimo-kistuku-komplektas\/","title":{"rendered":"Kuro magistrali\u0173 sandarinimo ki\u0161tuk\u0173 komplektas"},"content":{"rendered":"<p>XcessPerformanceFuel Line Sealing Plug Set, 12 pcs.<\/p>\n<p>for sealing off disconnected diesel and petrol lines with push\/pull quick connectors<br \/>\nfor maintenance and inspection work, e.g. fuel filter replacement<br \/>\ncontent:2x plug connector 5\/16&quot;2x\u00a0plug connector\u00a03\/8&quot;2x\u00a0plug connector\u00a010 mm2x quick coupler 5\/16&quot;2x\u00a0quick coupler\u00a03\/8&quot;2x\u00a0quick coupler\u00a010 mm<\/p>","protected":false},"excerpt":{"rendered":"<p>Kuro sistemos magistrali\u0173 jungtys \/ sandarinimo \u012frankiai \/ Xcess<\/p>","protected":false},"featured_media":243654,"comment_status":"open","ping_status":"open","template":"","meta":[],"product_cat":[9585],"product_tag":[9462],"class_list":{"0":"post-243652","1":"product","2":"type-product","3":"status-publish","4":"has-post-thumbnail","6":"product_brand-condor-werkzeug-vokietija","7":"product_cat-irankiai-kuro-vamzdeliams","8":"product_tag-condor-werkzeug-vokietija","10":"first","11":"instock","12":"purchasable","13":"product-type-simple"},"jetpack_sharing_enabled":true,"_links":{"self":[{"href":"https:\/\/irankiuzona.lt\/ru\/wp-json\/wp\/v2\/product\/243652","targetHints":{"allow":["GET"]}}],"collection":[{"href":"https:\/\/irankiuzona.lt\/ru\/wp-json\/wp\/v2\/product"}],"about":[{"href":"https:\/\/irankiuzona.lt\/ru\/wp-json\/wp\/v2\/types\/product"}],"replies":[{"embeddable":true,"href":"https:\/\/irankiuzona.lt\/ru\/wp-json\/wp\/v2\/comments?post=243652"}],"version-history":[{"count":1,"href":"https:\/\/irankiuzona.lt\/ru\/wp-json\/wp\/v2\/product\/243652\/revisions"}],"predecessor-version":[{"id":415895,"href":"https:\/\/irankiuzona.lt\/ru\/wp-json\/wp\/v2\/product\/243652\/revisions\/415895"}],"wp:featuredmedia":[{"embeddable":true,"href":"https:\/\/irankiuzona.lt\/ru\/wp-json\/wp\/v2\/media\/243654"}],"wp:attachment":[{"href":"https:\/\/irankiuzona.lt\/ru\/wp-json\/wp\/v2\/media?parent=243652"}],"wp:term":[{"taxonomy":"product_cat","embeddable":true,"href":"https:\/\/irankiuzona.lt\/ru\/wp-json\/wp\/v2\/product_cat?post=243652"},{"taxonomy":"product_tag","embeddable":true,"href":"https:\/\/irankiuzona.lt\/ru\/wp-json\/wp\/v2\/product_tag?post=243652"}],"curies":[{"name":"wp","href":"https:\/\/api.w.org\/{rel}","templated":true}]}}