{"id":243767,"date":"2024-09-29T06:40:58","date_gmt":"2024-09-29T06:40:58","guid":{"rendered":"https:\/\/irankiuzona.lt\/product\/galvute-3-4-42mm-cv-6-kampe\/"},"modified":"2026-04-20T10:45:52","modified_gmt":"2026-04-20T10:45:52","slug":"galvute-3-4-42mm-cv-6-kampe","status":"publish","type":"product","link":"https:\/\/irankiuzona.lt\/ru\/product\/galvute-3-4-42mm-cv-6-kampe\/","title":{"rendered":"Galvut\u0117 3\/4 42mm CV 6-kamp\u0117"},"content":{"rendered":"<p>Socket 3\/4&quot; hexagonal 42mm<\/p>","protected":false},"excerpt":{"rendered":"<p>Galvut\u0117 \u0161e\u0161iakamp\u0117 42mm 3\/4&quot;\u00a0<\/p>","protected":false},"featured_media":243769,"comment_status":"open","ping_status":"open","template":"","meta":[],"product_cat":[9522],"product_tag":[9778],"class_list":{"0":"post-243767","1":"product","2":"type-product","3":"status-publish","4":"has-post-thumbnail","6":"product_brand-triumf-professional-tools-slovakija","7":"product_cat-3-4-20-mm-sesiakampes-galvutes","8":"product_tag-triumf-professional-tools-slovakija","10":"first","11":"outofstock","12":"purchasable","13":"product-type-simple"},"jetpack_sharing_enabled":true,"_links":{"self":[{"href":"https:\/\/irankiuzona.lt\/ru\/wp-json\/wp\/v2\/product\/243767","targetHints":{"allow":["GET"]}}],"collection":[{"href":"https:\/\/irankiuzona.lt\/ru\/wp-json\/wp\/v2\/product"}],"about":[{"href":"https:\/\/irankiuzona.lt\/ru\/wp-json\/wp\/v2\/types\/product"}],"replies":[{"embeddable":true,"href":"https:\/\/irankiuzona.lt\/ru\/wp-json\/wp\/v2\/comments?post=243767"}],"version-history":[{"count":1,"href":"https:\/\/irankiuzona.lt\/ru\/wp-json\/wp\/v2\/product\/243767\/revisions"}],"predecessor-version":[{"id":415929,"href":"https:\/\/irankiuzona.lt\/ru\/wp-json\/wp\/v2\/product\/243767\/revisions\/415929"}],"wp:featuredmedia":[{"embeddable":true,"href":"https:\/\/irankiuzona.lt\/ru\/wp-json\/wp\/v2\/media\/243769"}],"wp:attachment":[{"href":"https:\/\/irankiuzona.lt\/ru\/wp-json\/wp\/v2\/media?parent=243767"}],"wp:term":[{"taxonomy":"product_cat","embeddable":true,"href":"https:\/\/irankiuzona.lt\/ru\/wp-json\/wp\/v2\/product_cat?post=243767"},{"taxonomy":"product_tag","embeddable":true,"href":"https:\/\/irankiuzona.lt\/ru\/wp-json\/wp\/v2\/product_tag?post=243767"}],"curies":[{"name":"wp","href":"https:\/\/api.w.org\/{rel}","templated":true}]}}