{"id":243773,"date":"2024-09-29T06:40:59","date_gmt":"2024-09-29T06:40:59","guid":{"rendered":"https:\/\/irankiuzona.lt\/product\/graztas-metalui-21-mm-cobalt\/"},"modified":"2026-04-16T07:48:41","modified_gmt":"2026-04-16T07:48:41","slug":"graztas-metalui-21-mm-cobalt","status":"publish","type":"product","link":"https:\/\/irankiuzona.lt\/ru\/product\/graztas-metalui-21-mm-cobalt\/","title":{"rendered":"Gr\u0105\u017etas metalui 2,1 mm cobalt"},"content":{"rendered":"<p>Gr\u0105\u017eto skersmuo 2,1 mm<br \/>\n1 vnt.<\/p>","protected":false},"excerpt":{"rendered":"<p>Gr\u0105\u017etas metalui 2,1 mm cobalt<\/p>","protected":false},"featured_media":243775,"comment_status":"open","ping_status":"open","template":"","meta":[],"product_cat":[9724],"product_tag":[9628],"class_list":{"0":"post-243773","1":"product","2":"type-product","3":"status-publish","4":"has-post-thumbnail","6":"product_brand-condor-lenkija","7":"product_cat-graztai-metalui-hss-cobalt-din338","8":"product_tag-condor-lenkija","10":"first","11":"outofstock","12":"purchasable","13":"product-type-simple"},"jetpack_sharing_enabled":true,"_links":{"self":[{"href":"https:\/\/irankiuzona.lt\/ru\/wp-json\/wp\/v2\/product\/243773","targetHints":{"allow":["GET"]}}],"collection":[{"href":"https:\/\/irankiuzona.lt\/ru\/wp-json\/wp\/v2\/product"}],"about":[{"href":"https:\/\/irankiuzona.lt\/ru\/wp-json\/wp\/v2\/types\/product"}],"replies":[{"embeddable":true,"href":"https:\/\/irankiuzona.lt\/ru\/wp-json\/wp\/v2\/comments?post=243773"}],"version-history":[{"count":1,"href":"https:\/\/irankiuzona.lt\/ru\/wp-json\/wp\/v2\/product\/243773\/revisions"}],"predecessor-version":[{"id":415931,"href":"https:\/\/irankiuzona.lt\/ru\/wp-json\/wp\/v2\/product\/243773\/revisions\/415931"}],"wp:featuredmedia":[{"embeddable":true,"href":"https:\/\/irankiuzona.lt\/ru\/wp-json\/wp\/v2\/media\/243775"}],"wp:attachment":[{"href":"https:\/\/irankiuzona.lt\/ru\/wp-json\/wp\/v2\/media?parent=243773"}],"wp:term":[{"taxonomy":"product_cat","embeddable":true,"href":"https:\/\/irankiuzona.lt\/ru\/wp-json\/wp\/v2\/product_cat?post=243773"},{"taxonomy":"product_tag","embeddable":true,"href":"https:\/\/irankiuzona.lt\/ru\/wp-json\/wp\/v2\/product_tag?post=243773"}],"curies":[{"name":"wp","href":"https:\/\/api.w.org\/{rel}","templated":true}]}}