{"id":243806,"date":"2024-09-29T06:41:01","date_gmt":"2024-09-29T06:41:01","guid":{"rendered":"https:\/\/irankiuzona.lt\/product\/akumuliatoriu-ikroviklis-su-paleidimo-funkcija-600a\/"},"modified":"2026-03-03T08:35:19","modified_gmt":"2026-03-03T08:35:19","slug":"akumuliatoriu-ikroviklis-su-paleidimo-funkcija-600a","status":"publish","type":"product","link":"https:\/\/irankiuzona.lt\/ru\/product\/akumuliatoriu-ikroviklis-su-paleidimo-funkcija-600a\/","title":{"rendered":"Akumuliatori\u0173 \u012fkroviklis su paleidimo funkcija 600A"},"content":{"rendered":"<p>STROM produkcija suprojektuota ir pagaminta vadovaujantis moderniausiomis ir pa\u017eangiausiomis technologijomis. STROM akumuliatoriaus \u012fkrovikliai su paleidimo funkcija skirti benzinini\u0173 ir dyzelini\u0173 automobili\u0173, sunkve\u017eini\u0173, motocikl\u0173, val\u010di\u0173 ir t.t. varikli\u0173 \u0161vininiams akumuliatoriams su skystuoju elektrolitu \u012fkrauti.<\/p>\n<p>Greitai \u012fkrauti ir paruo\u0161ti darbui akumuliatori\u0173 pad\u0117s galingas STROM akumuliatoriaus \u012fkroviklis su paleidimo funkcija START 620H. Prietaisas \u012fkrauna net pilnai i\u0161sikrovusius akumuliatorius. Galimas greitas pilnai i\u0161sikrovusio akumuliatoriaus \u012fkrovimas, iki kol taps \u012fmanoma u\u017evesti automobil\u012f nuo akumuliatoriaus.Ypatingai patogi ir paprasta valdymo panel\u0117 leid\u017eia lengvai ir suprantamai nustatyti akumuliatoriaus \u012fkrovimo arba variklio paleidimo parametrus.<br \/>\n\u012ekrovimo srovei reguliuoti skirti 6 re\u017eimai, leid\u017eiantys pasirinkti nuo 10 iki 60 amper\u0173 \u012fkrovimo srov\u0119. 4-6 re\u017eimai leid\u017eia nustatyti laikmat\u012f, tokiu b\u016bdu \u012fkroviklis i\u0161sijungia automati\u0161kai. Paleidimo srov\u0117 yra net 600 amper\u0173, tod\u0117l varikl\u012f u\u017evesite greitai ir lengvai.<br \/>\nPaleidimo funkcijos patogumui \u0161io modelio prietaisas turi integruot\u0105 distancinio valdymo pult\u0105, su 2 metr\u0173 ilgio laidu. \u012ekrovos procesui sekti pakrov\u0117jas turi \u012fmontuot\u0105 ampermetr\u0105, rodant\u012f \u00a0\u012fkrovimo srov\u0119. Pakrov\u0117jas turi apsaug\u0105 nuo perkrovos. Stipr\u016bs poli\u0173 gnybtai u\u017etikrina optimal\u0173 kontakt\u0105 su baterijos poliais. Patogi rankena ir ratukai skirti saugiam ikroviklio transportavimui, tod\u0117l 24 kilogram\u0173 agregatas itin patogiai transportuojamas dirbtuv\u0117se, automobili\u0173 remonto servisuose ar net gara\u017ee. Tvirtas, patvarus bei saugus korpusas pagamintas vadovaujantis vartotojo poreikiais, tod\u0117l papildomas skyrius korpuse puikiai tarnauja sujungimo laid\u0173 laikymui.<br \/>\n\u00a0<br \/>\nTECHNINIAI DUOMENYS:<\/p>\n<p>Maitinimo tinklo \u012ftampa 1PH 230V<br \/>\nDa\u017enis 50\/60 Hz<br \/>\n\u012etampos galia prie maks. \u012fkrovimo 2,2 kW<br \/>\n\u012etampos galia prie maks. paleidimo 12kW<br \/>\nKrovimo \u012ftampa 12\/24 V<br \/>\nKrovimo srov\u0117 maks. 60 A<br \/>\nPaleidimo srov\u0117 maks. 600 A<br \/>\n\u012ekrovimo srov\u0117s reguliavimas 6 \u017eingsni\u0173 \u00a0\u00a0<br \/>\nMatmenys 68x35x5xx29x5 cm<br \/>\nSvoris netto: 24kg<br \/>\nSvoris brutto: 25kg<\/p>\n<p>FUNKCIJOS IR SAVYB\u0116S:<\/p>\n<p>Vienfazis, baterijos \u012fkroviklis ir starteris<\/p>\n<p>\u0160vino akumuliatori\u0173 su 12\/24V \u012fkrovimui ir vis\u0173 tip\u0173 ma\u0161in\u0173: sunkve\u017eimi\u0173, lengv\u0173j\u0173 automobili\u0173, traktori\u0173, motocikl\u0173, val\u010di\u0173 ir t.t.<\/p>\n<p>Automatin\u0117 termo apsauga<\/p>\n<p>\u012ekrovimo laiko nustatymas prie 4,5,6 pozicijos (srov\u0117s reguliatorius)<\/p>\n<p>Paleidimo funkcijos nuotolinis valdymas su 2m kabeliu<\/p>\n<p>DARBO RE\u017dIMAI:<\/p>\n<p>\u012ekrovimas<\/p>\n<p>Greitas \u012fkrovimas<\/p>\n<p>Paleidimas<\/p>\n<p>SUTEIKIAMA 12M\u0116N. GARANTIJA<\/p>","protected":false},"excerpt":{"rendered":"<p>Akumuliatori\u0173 \u012fkroviklis su paleidimo START funkcija 600A \/ STROM START-620H<\/p>","protected":false},"featured_media":243808,"comment_status":"open","ping_status":"open","template":"","meta":[],"product_cat":[9881],"product_tag":[10034],"class_list":{"0":"post-243806","1":"product","2":"type-product","3":"status-publish","4":"has-post-thumbnail","6":"product_brand-sthor-lenkija","7":"product_cat-ikrovikliai-akumuliatoriams-akumuliatoriu-testeriai","8":"product_tag-sthor-lenkija","10":"first","11":"outofstock","12":"purchasable","13":"product-type-simple"},"jetpack_sharing_enabled":true,"_links":{"self":[{"href":"https:\/\/irankiuzona.lt\/ru\/wp-json\/wp\/v2\/product\/243806","targetHints":{"allow":["GET"]}}],"collection":[{"href":"https:\/\/irankiuzona.lt\/ru\/wp-json\/wp\/v2\/product"}],"about":[{"href":"https:\/\/irankiuzona.lt\/ru\/wp-json\/wp\/v2\/types\/product"}],"replies":[{"embeddable":true,"href":"https:\/\/irankiuzona.lt\/ru\/wp-json\/wp\/v2\/comments?post=243806"}],"version-history":[{"count":1,"href":"https:\/\/irankiuzona.lt\/ru\/wp-json\/wp\/v2\/product\/243806\/revisions"}],"predecessor-version":[{"id":415942,"href":"https:\/\/irankiuzona.lt\/ru\/wp-json\/wp\/v2\/product\/243806\/revisions\/415942"}],"wp:featuredmedia":[{"embeddable":true,"href":"https:\/\/irankiuzona.lt\/ru\/wp-json\/wp\/v2\/media\/243808"}],"wp:attachment":[{"href":"https:\/\/irankiuzona.lt\/ru\/wp-json\/wp\/v2\/media?parent=243806"}],"wp:term":[{"taxonomy":"product_cat","embeddable":true,"href":"https:\/\/irankiuzona.lt\/ru\/wp-json\/wp\/v2\/product_cat?post=243806"},{"taxonomy":"product_tag","embeddable":true,"href":"https:\/\/irankiuzona.lt\/ru\/wp-json\/wp\/v2\/product_tag?post=243806"}],"curies":[{"name":"wp","href":"https:\/\/api.w.org\/{rel}","templated":true}]}}