{"id":243863,"date":"2024-09-29T06:50:08","date_gmt":"2024-09-29T06:50:08","guid":{"rendered":"https:\/\/irankiuzona.lt\/product\/galvute-stabdziu-suportams-10-kampu-20mm-audiporsche\/"},"modified":"2026-04-16T20:11:05","modified_gmt":"2026-04-16T20:11:05","slug":"galvute-stabdziu-suportams-10-kampu-20mm-audiporsche","status":"publish","type":"product","link":"https:\/\/irankiuzona.lt\/ru\/product\/galvute-stabdziu-suportams-10-kampu-20mm-audiporsche\/","title":{"rendered":"Galvut\u0117 stabd\u017ei\u0173 suportams 10-kamp\u0173 20mm Audi,Porsche"},"content":{"rendered":"<p>stabd\u017ei\u0173 suport\u0173 surinkimui ir i\u0161montavimui<br \/>\ntinka \u0161iems modeliams: Audi Q7, S8, Porsche Macan, Cayenne, Cayman<br \/>\nIlgis 38 mm, 1\/2&quot;<\/p>","protected":false},"excerpt":{"rendered":"<p>Galvut\u0117 stabd\u017ei\u0173 suportams 10-kamp\u0173 20mm Audi,Porsche<\/p>","protected":false},"featured_media":243865,"comment_status":"open","ping_status":"open","template":"","meta":[],"product_cat":[9540],"product_tag":[9845],"class_list":{"0":"post-243863","1":"product","2":"type-product","3":"status-publish","4":"has-post-thumbnail","6":"product_brand-vokietija-germany","7":"product_cat-suportu-remonto-irankiai","8":"product_tag-vokietija-germany","10":"first","11":"outofstock","12":"purchasable","13":"product-type-simple"},"jetpack_sharing_enabled":true,"_links":{"self":[{"href":"https:\/\/irankiuzona.lt\/ru\/wp-json\/wp\/v2\/product\/243863","targetHints":{"allow":["GET"]}}],"collection":[{"href":"https:\/\/irankiuzona.lt\/ru\/wp-json\/wp\/v2\/product"}],"about":[{"href":"https:\/\/irankiuzona.lt\/ru\/wp-json\/wp\/v2\/types\/product"}],"replies":[{"embeddable":true,"href":"https:\/\/irankiuzona.lt\/ru\/wp-json\/wp\/v2\/comments?post=243863"}],"version-history":[{"count":1,"href":"https:\/\/irankiuzona.lt\/ru\/wp-json\/wp\/v2\/product\/243863\/revisions"}],"predecessor-version":[{"id":415958,"href":"https:\/\/irankiuzona.lt\/ru\/wp-json\/wp\/v2\/product\/243863\/revisions\/415958"}],"wp:featuredmedia":[{"embeddable":true,"href":"https:\/\/irankiuzona.lt\/ru\/wp-json\/wp\/v2\/media\/243865"}],"wp:attachment":[{"href":"https:\/\/irankiuzona.lt\/ru\/wp-json\/wp\/v2\/media?parent=243863"}],"wp:term":[{"taxonomy":"product_cat","embeddable":true,"href":"https:\/\/irankiuzona.lt\/ru\/wp-json\/wp\/v2\/product_cat?post=243863"},{"taxonomy":"product_tag","embeddable":true,"href":"https:\/\/irankiuzona.lt\/ru\/wp-json\/wp\/v2\/product_tag?post=243863"}],"curies":[{"name":"wp","href":"https:\/\/api.w.org\/{rel}","templated":true}]}}