{"id":243872,"date":"2024-09-29T06:50:09","date_gmt":"2024-09-29T06:50:09","guid":{"rendered":"https:\/\/irankiuzona.lt\/product\/apsaugines-ausines\/"},"modified":"2026-04-11T08:38:21","modified_gmt":"2026-04-11T08:38:21","slug":"apsaugines-ausines","status":"publish","type":"product","link":"https:\/\/irankiuzona.lt\/ru\/product\/apsaugines-ausines\/","title":{"rendered":"Apsaugin\u0117s ausin\u0117s"},"content":{"rendered":"","protected":false},"excerpt":{"rendered":"<p>Apsaugin\u0117s ausin\u0117s<\/p>","protected":false},"featured_media":243874,"comment_status":"open","ping_status":"open","template":"","meta":[],"product_cat":[9979],"product_tag":[9646],"class_list":{"0":"post-243872","1":"product","2":"type-product","3":"status-publish","4":"has-post-thumbnail","6":"product_brand-drel-lenkija","7":"product_cat-darbo-rubai-darbo-saugos-priemones","8":"product_tag-drel-lenkija","10":"first","11":"instock","12":"purchasable","13":"product-type-simple"},"jetpack_sharing_enabled":true,"_links":{"self":[{"href":"https:\/\/irankiuzona.lt\/ru\/wp-json\/wp\/v2\/product\/243872","targetHints":{"allow":["GET"]}}],"collection":[{"href":"https:\/\/irankiuzona.lt\/ru\/wp-json\/wp\/v2\/product"}],"about":[{"href":"https:\/\/irankiuzona.lt\/ru\/wp-json\/wp\/v2\/types\/product"}],"replies":[{"embeddable":true,"href":"https:\/\/irankiuzona.lt\/ru\/wp-json\/wp\/v2\/comments?post=243872"}],"version-history":[{"count":1,"href":"https:\/\/irankiuzona.lt\/ru\/wp-json\/wp\/v2\/product\/243872\/revisions"}],"predecessor-version":[{"id":415961,"href":"https:\/\/irankiuzona.lt\/ru\/wp-json\/wp\/v2\/product\/243872\/revisions\/415961"}],"wp:featuredmedia":[{"embeddable":true,"href":"https:\/\/irankiuzona.lt\/ru\/wp-json\/wp\/v2\/media\/243874"}],"wp:attachment":[{"href":"https:\/\/irankiuzona.lt\/ru\/wp-json\/wp\/v2\/media?parent=243872"}],"wp:term":[{"taxonomy":"product_cat","embeddable":true,"href":"https:\/\/irankiuzona.lt\/ru\/wp-json\/wp\/v2\/product_cat?post=243872"},{"taxonomy":"product_tag","embeddable":true,"href":"https:\/\/irankiuzona.lt\/ru\/wp-json\/wp\/v2\/product_tag?post=243872"}],"curies":[{"name":"wp","href":"https:\/\/api.w.org\/{rel}","templated":true}]}}