{"id":243922,"date":"2024-09-29T06:50:11","date_gmt":"2024-09-29T06:50:11","guid":{"rendered":"https:\/\/irankiuzona.lt\/product\/pneumatinis-siaurapjuklis-su-zarna\/"},"modified":"2026-05-15T04:57:59","modified_gmt":"2026-05-15T04:57:59","slug":"pneumatinis-siaurapjuklis-su-zarna","status":"publish","type":"product","link":"https:\/\/irankiuzona.lt\/ru\/product\/pneumatinis-siaurapjuklis-su-zarna\/","title":{"rendered":"Pneumatinis siaurapj\u016bklis su \u017earna"},"content":{"rendered":"<p>Sm\u016bgi\u0173 kiekis: 5000 S.P.M.Darbin\u0117 eiga: 10 mmDarbinis sl\u0117gis: 6,3 BarReikalaujamas oro kiekis: 113 L\/minBendras ilgis: 250mmSvoris: 0,8 kgOro jungtis: 3\/8Garsumas: 81,9 dBAVibracijos lygis: 4,1 m\/s2+ Quick change saw blade holder allows for easy blade changing.+ Adjustable guard \/ guide controls depth of cut precisely.+ Excellent for cutting sheet aluminum, plastic and sheet metal up to 1.6mm.<\/p>","protected":false},"excerpt":{"rendered":"<p>Pneumatinis siaurapj\u016bklis su \u017earna \/ Mighty-Seven<\/p>","protected":false},"featured_media":243924,"comment_status":"open","ping_status":"open","template":"","meta":[],"product_cat":[9637],"product_tag":[9875],"class_list":{"0":"post-243922","1":"product","2":"type-product","3":"status-publish","4":"has-post-thumbnail","6":"product_brand-mighty-seven-m7","7":"product_cat-pneumatiniai-pjuklai-pjovikliai","8":"product_tag-mighty-seven-m7","10":"first","11":"instock","12":"purchasable","13":"product-type-simple"},"jetpack_sharing_enabled":true,"_links":{"self":[{"href":"https:\/\/irankiuzona.lt\/ru\/wp-json\/wp\/v2\/product\/243922","targetHints":{"allow":["GET"]}}],"collection":[{"href":"https:\/\/irankiuzona.lt\/ru\/wp-json\/wp\/v2\/product"}],"about":[{"href":"https:\/\/irankiuzona.lt\/ru\/wp-json\/wp\/v2\/types\/product"}],"replies":[{"embeddable":true,"href":"https:\/\/irankiuzona.lt\/ru\/wp-json\/wp\/v2\/comments?post=243922"}],"version-history":[{"count":1,"href":"https:\/\/irankiuzona.lt\/ru\/wp-json\/wp\/v2\/product\/243922\/revisions"}],"predecessor-version":[{"id":415969,"href":"https:\/\/irankiuzona.lt\/ru\/wp-json\/wp\/v2\/product\/243922\/revisions\/415969"}],"wp:featuredmedia":[{"embeddable":true,"href":"https:\/\/irankiuzona.lt\/ru\/wp-json\/wp\/v2\/media\/243924"}],"wp:attachment":[{"href":"https:\/\/irankiuzona.lt\/ru\/wp-json\/wp\/v2\/media?parent=243922"}],"wp:term":[{"taxonomy":"product_cat","embeddable":true,"href":"https:\/\/irankiuzona.lt\/ru\/wp-json\/wp\/v2\/product_cat?post=243922"},{"taxonomy":"product_tag","embeddable":true,"href":"https:\/\/irankiuzona.lt\/ru\/wp-json\/wp\/v2\/product_tag?post=243922"}],"curies":[{"name":"wp","href":"https:\/\/api.w.org\/{rel}","templated":true}]}}