{"id":243934,"date":"2024-09-29T06:50:12","date_gmt":"2024-09-29T06:50:12","guid":{"rendered":"https:\/\/irankiuzona.lt\/product\/raktas-stabdziu-vamzdeliams-1618-mm\/"},"modified":"2026-04-16T19:04:34","modified_gmt":"2026-04-16T19:04:34","slug":"raktas-stabdziu-vamzdeliams-1618-mm","status":"publish","type":"product","link":"https:\/\/irankiuzona.lt\/ru\/product\/raktas-stabdziu-vamzdeliams-1618-mm\/","title":{"rendered":"Raktas stabd\u017ei\u0173 vamzdeliams 16*18 mm"},"content":{"rendered":"","protected":false},"excerpt":{"rendered":"<p>Stabd\u017ei\u0173 vamzdeli\u0173 raktas 16*18 mm<\/p>","protected":false},"featured_media":243936,"comment_status":"open","ping_status":"open","template":"","meta":[],"product_cat":[9596],"product_tag":[9716],"class_list":{"0":"post-243934","1":"product","2":"type-product","3":"status-publish","4":"has-post-thumbnail","6":"product_brand-jufisto-lenkija","7":"product_cat-raktai-vamzdeliams-su-ispjova","8":"product_tag-jufisto-lenkija","10":"first","11":"instock","12":"purchasable","13":"product-type-simple"},"jetpack_sharing_enabled":true,"_links":{"self":[{"href":"https:\/\/irankiuzona.lt\/ru\/wp-json\/wp\/v2\/product\/243934","targetHints":{"allow":["GET"]}}],"collection":[{"href":"https:\/\/irankiuzona.lt\/ru\/wp-json\/wp\/v2\/product"}],"about":[{"href":"https:\/\/irankiuzona.lt\/ru\/wp-json\/wp\/v2\/types\/product"}],"replies":[{"embeddable":true,"href":"https:\/\/irankiuzona.lt\/ru\/wp-json\/wp\/v2\/comments?post=243934"}],"version-history":[{"count":1,"href":"https:\/\/irankiuzona.lt\/ru\/wp-json\/wp\/v2\/product\/243934\/revisions"}],"predecessor-version":[{"id":415973,"href":"https:\/\/irankiuzona.lt\/ru\/wp-json\/wp\/v2\/product\/243934\/revisions\/415973"}],"wp:featuredmedia":[{"embeddable":true,"href":"https:\/\/irankiuzona.lt\/ru\/wp-json\/wp\/v2\/media\/243936"}],"wp:attachment":[{"href":"https:\/\/irankiuzona.lt\/ru\/wp-json\/wp\/v2\/media?parent=243934"}],"wp:term":[{"taxonomy":"product_cat","embeddable":true,"href":"https:\/\/irankiuzona.lt\/ru\/wp-json\/wp\/v2\/product_cat?post=243934"},{"taxonomy":"product_tag","embeddable":true,"href":"https:\/\/irankiuzona.lt\/ru\/wp-json\/wp\/v2\/product_tag?post=243934"}],"curies":[{"name":"wp","href":"https:\/\/api.w.org\/{rel}","templated":true}]}}