{"id":244045,"date":"2024-09-29T06:50:24","date_gmt":"2024-09-29T06:50:24","guid":{"rendered":"https:\/\/irankiuzona.lt\/product\/murininko-virve-30-m-15-mm\/"},"modified":"2026-04-13T15:25:43","modified_gmt":"2026-04-13T15:25:43","slug":"murininko-virve-30-m-15-mm","status":"publish","type":"product","link":"https:\/\/irankiuzona.lt\/ru\/product\/murininko-virve-30-m-15-mm\/","title":{"rendered":"M\u016brininko virv\u0117 30 m , 1,5 mm"},"content":{"rendered":"","protected":false},"excerpt":{"rendered":"<p>M\u016brininko virv\u0117 30 m , 1,5 mm<\/p>","protected":false},"featured_media":244047,"comment_status":"open","ping_status":"open","template":"","meta":[],"product_cat":[9447],"product_tag":[9716],"class_list":{"0":"post-244045","1":"product","2":"type-product","3":"status-publish","4":"has-post-thumbnail","6":"product_brand-jufisto-lenkija","7":"product_cat-virves","8":"product_tag-jufisto-lenkija","10":"first","11":"outofstock","12":"purchasable","13":"product-type-simple"},"jetpack_sharing_enabled":true,"_links":{"self":[{"href":"https:\/\/irankiuzona.lt\/ru\/wp-json\/wp\/v2\/product\/244045","targetHints":{"allow":["GET"]}}],"collection":[{"href":"https:\/\/irankiuzona.lt\/ru\/wp-json\/wp\/v2\/product"}],"about":[{"href":"https:\/\/irankiuzona.lt\/ru\/wp-json\/wp\/v2\/types\/product"}],"replies":[{"embeddable":true,"href":"https:\/\/irankiuzona.lt\/ru\/wp-json\/wp\/v2\/comments?post=244045"}],"version-history":[{"count":1,"href":"https:\/\/irankiuzona.lt\/ru\/wp-json\/wp\/v2\/product\/244045\/revisions"}],"predecessor-version":[{"id":416010,"href":"https:\/\/irankiuzona.lt\/ru\/wp-json\/wp\/v2\/product\/244045\/revisions\/416010"}],"wp:featuredmedia":[{"embeddable":true,"href":"https:\/\/irankiuzona.lt\/ru\/wp-json\/wp\/v2\/media\/244047"}],"wp:attachment":[{"href":"https:\/\/irankiuzona.lt\/ru\/wp-json\/wp\/v2\/media?parent=244045"}],"wp:term":[{"taxonomy":"product_cat","embeddable":true,"href":"https:\/\/irankiuzona.lt\/ru\/wp-json\/wp\/v2\/product_cat?post=244045"},{"taxonomy":"product_tag","embeddable":true,"href":"https:\/\/irankiuzona.lt\/ru\/wp-json\/wp\/v2\/product_tag?post=244045"}],"curies":[{"name":"wp","href":"https:\/\/api.w.org\/{rel}","templated":true}]}}