{"id":244179,"date":"2024-09-29T06:50:39","date_gmt":"2024-09-29T06:50:39","guid":{"rendered":"https:\/\/irankiuzona.lt\/product\/automatines-transmisijos-alyvos-isleidimo-ir-pripildymo-rinkinys-mb-9g-tronic\/"},"modified":"2026-05-13T22:01:07","modified_gmt":"2026-05-13T22:01:07","slug":"automatines-transmisijos-alyvos-isleidimo-ir-pripildymo-rinkinys-mb-9g-tronic","status":"publish","type":"product","link":"https:\/\/irankiuzona.lt\/ru\/product\/automatines-transmisijos-alyvos-isleidimo-ir-pripildymo-rinkinys-mb-9g-tronic\/","title":{"rendered":"Automatin\u0117s transmisijos alyvos i\u0161leidimo ir pripildymo rinkinys MB 9G-Tronic"},"content":{"rendered":"<p>Descriptionfor filling and draining automatic transmission oil on transmission type 725.0scope of delivery:assembly tool, to be used as OEM 725 589 02 90 00adapter, to be used as OEM 725 589 00 90 00Technical dataPackaging suitable for wall hanging YesGross weight 11 gTo be used as OEM1 725 589 00 90 00 | 725 589 02 90 00 Mercedes-Benz<\/p>","protected":false},"excerpt":{"rendered":"<p>Mercedes-Benz 9G-Tronic d\u0117\u017e\u0117s adapteris tepalui<\/p>","protected":false},"featured_media":244181,"comment_status":"open","ping_status":"open","template":"","meta":[],"product_cat":[9571],"product_tag":[9845],"class_list":{"0":"post-244179","1":"product","2":"type-product","3":"status-publish","4":"has-post-thumbnail","6":"product_brand-vokietija-germany","7":"product_cat-pompos-alyvai-degalams-sifonai","8":"product_tag-vokietija-germany","10":"first","11":"outofstock","12":"purchasable","13":"product-type-simple"},"jetpack_sharing_enabled":true,"_links":{"self":[{"href":"https:\/\/irankiuzona.lt\/ru\/wp-json\/wp\/v2\/product\/244179","targetHints":{"allow":["GET"]}}],"collection":[{"href":"https:\/\/irankiuzona.lt\/ru\/wp-json\/wp\/v2\/product"}],"about":[{"href":"https:\/\/irankiuzona.lt\/ru\/wp-json\/wp\/v2\/types\/product"}],"replies":[{"embeddable":true,"href":"https:\/\/irankiuzona.lt\/ru\/wp-json\/wp\/v2\/comments?post=244179"}],"version-history":[{"count":1,"href":"https:\/\/irankiuzona.lt\/ru\/wp-json\/wp\/v2\/product\/244179\/revisions"}],"predecessor-version":[{"id":416035,"href":"https:\/\/irankiuzona.lt\/ru\/wp-json\/wp\/v2\/product\/244179\/revisions\/416035"}],"wp:featuredmedia":[{"embeddable":true,"href":"https:\/\/irankiuzona.lt\/ru\/wp-json\/wp\/v2\/media\/244181"}],"wp:attachment":[{"href":"https:\/\/irankiuzona.lt\/ru\/wp-json\/wp\/v2\/media?parent=244179"}],"wp:term":[{"taxonomy":"product_cat","embeddable":true,"href":"https:\/\/irankiuzona.lt\/ru\/wp-json\/wp\/v2\/product_cat?post=244179"},{"taxonomy":"product_tag","embeddable":true,"href":"https:\/\/irankiuzona.lt\/ru\/wp-json\/wp\/v2\/product_tag?post=244179"}],"curies":[{"name":"wp","href":"https:\/\/api.w.org\/{rel}","templated":true}]}}